{"id":178,"date":"2023-06-02T07:56:39","date_gmt":"2023-06-02T07:56:39","guid":{"rendered":"https:\/\/karting.hangar37.es\/?page_id=178"},"modified":"2024-02-24T10:26:03","modified_gmt":"2024-02-24T10:26:03","slug":"circuitos-lanzarote","status":"publish","type":"page","link":"https:\/\/kartinglanzarote.com\/es\/circuitos-lanzarote","title":{"rendered":"Circuitos"},"content":{"rendered":"\n\t<div class=\"img has-hover hide-for-small x md-x lg-x y md-y lg-y\" id=\"image_1536692513\">\n\t\t\t\t\t\t\t\t<div class=\"img-inner dark\" >\n\t\t\t<img loading=\"lazy\" decoding=\"async\" width=\"1905\" height=\"423\" src=\"https:\/\/kartinglanzarote.com\/wp-content\/uploads\/2023\/06\/CIRCUITOS.png\" class=\"attachment-2048x2048 size-2048x2048\" alt=\"\" srcset=\"https:\/\/kartinglanzarote.com\/wp-content\/uploads\/2023\/06\/CIRCUITOS.png 1905w, https:\/\/kartinglanzarote.com\/wp-content\/uploads\/2023\/06\/CIRCUITOS-300x67.png 300w, https:\/\/kartinglanzarote.com\/wp-content\/uploads\/2023\/06\/CIRCUITOS-1024x227.png 1024w, https:\/\/kartinglanzarote.com\/wp-content\/uploads\/2023\/06\/CIRCUITOS-768x171.png 768w, https:\/\/kartinglanzarote.com\/wp-content\/uploads\/2023\/06\/CIRCUITOS-1536x341.png 1536w\" sizes=\"auto, (max-width: 1905px) 100vw, 1905px\" \/>\t\t\t\t\t\t\n\t\t\t\t\t<\/div>\n\t\t\t\t\t\t\t\t\n<style>\n#image_1536692513 {\n  width: 100%;\n}\n<\/style>\n\t<\/div>\n\t\n\n\t<div class=\"img has-hover show-for-small x md-x lg-x y md-y lg-y\" id=\"image_1578083692\">\n\t\t\t\t\t\t\t\t<div class=\"img-inner dark\" >\n\t\t\t<img loading=\"lazy\" decoding=\"async\" width=\"1020\" height=\"382\" src=\"https:\/\/kartinglanzarote.com\/wp-content\/uploads\/2023\/06\/circuitos-3-1024x383.png\" class=\"attachment-large size-large\" alt=\"\" srcset=\"https:\/\/kartinglanzarote.com\/wp-content\/uploads\/2023\/06\/circuitos-3-1024x383.png 1024w, https:\/\/kartinglanzarote.com\/wp-content\/uploads\/2023\/06\/circuitos-3-300x112.png 300w, https:\/\/kartinglanzarote.com\/wp-content\/uploads\/2023\/06\/circuitos-3-768x287.png 768w, https:\/\/kartinglanzarote.com\/wp-content\/uploads\/2023\/06\/circuitos-3.png 1131w\" sizes=\"auto, (max-width: 1020px) 100vw, 1020px\" \/>\t\t\t\t\t\t\n\t\t\t\t\t<\/div>\n\t\t\t\t\t\t\t\t\n<style>\n#image_1578083692 {\n  width: 100%;\n}\n<\/style>\n\t<\/div>\n\t\n\n\t<div class=\"img has-hover x md-x lg-x y md-y lg-y\" id=\"image_1103496230\">\n\t\t\t\t\t\t\t\t<div class=\"img-inner dark\" >\n\t\t\t<img loading=\"lazy\" decoding=\"async\" width=\"2048\" height=\"633\" src=\"https:\/\/kartinglanzarote.com\/wp-content\/uploads\/2023\/10\/IMG_29502-2048x633.jpg\" class=\"attachment-2048x2048 size-2048x2048\" alt=\"\" srcset=\"https:\/\/kartinglanzarote.com\/wp-content\/uploads\/2023\/10\/IMG_29502-2048x633.jpg 2048w, https:\/\/kartinglanzarote.com\/wp-content\/uploads\/2023\/10\/IMG_29502-300x93.jpg 300w, https:\/\/kartinglanzarote.com\/wp-content\/uploads\/2023\/10\/IMG_29502-1024x317.jpg 1024w, https:\/\/kartinglanzarote.com\/wp-content\/uploads\/2023\/10\/IMG_29502-768x238.jpg 768w, https:\/\/kartinglanzarote.com\/wp-content\/uploads\/2023\/10\/IMG_29502-1536x475.jpg 1536w\" sizes=\"auto, (max-width: 2048px) 100vw, 2048px\" \/>\t\t\t\t\t\t\n\t\t\t\t\t<\/div>\n\t\t\t\t\t\t\t\t\n<style>\n#image_1103496230 {\n  width: 100%;\n}\n<\/style>\n\t<\/div>\n\t\n\n\n\t<section class=\"section has-parallax\" id=\"section_2009022540\">\n\t\t<div class=\"section-bg fill\" data-parallax-container=\".section\" data-parallax-background data-parallax=\"-10\">\n\t\t\t<img loading=\"lazy\" decoding=\"async\" width=\"2000\" height=\"2000\" src=\"https:\/\/kartinglanzarote.com\/wp-content\/uploads\/2023\/05\/FONDO-WEB-2000px.jpg\" class=\"bg attachment-2048x2048 size-2048x2048\" alt=\"\" \/>\t\t\t\t\t\t\n\t\t\t\n\n\t\t<\/div>\n\n\t\t\n\n\t\t<div class=\"section-content relative\">\n\t\t\t\n\n<div class=\"row\"  id=\"row-344708537\">\n\n\n\t<div id=\"col-1884139193\" class=\"col small-12 large-12\"  >\n\t\t\t\t<div class=\"col-inner\"  >\n\t\t\t\n\t\t\t\n\n<div style=\"text-align: left;\">Es la segunda pista m\u00e1s larga de Espa\u00f1a. Uniendo ambas pistas en la modalidad de carreras tiene una longitud de 1560 metros. (S\u00f3lo 20 metros menos que la mayor, que mide 1580m)<\/div>\n<div style=\"text-align: left;\">\u00a0<\/div>\n<div style=\"text-align: left;\">\n<ul>\n<li style=\"text-align: left;\">La calidad del asfalto es inmejorable.\u00a0<\/li>\n<li style=\"text-align: left;\">Los 8 metros de anchura permiten adelantamientos con la m\u00e1xima seguridad.<\/li>\n<li style=\"text-align: left;\">Es una pista completamente llana sin baches ni desniveles que la hacen perfecta para rodar en karts.\u00a0<\/li>\n<li style=\"text-align: left;\">Las zonas de c\u00e9sped alrededor del asfalto y las amplias escapatorias la convierten en una pista muy segura.<\/li>\n<\/ul>\n<\/div>\n<div style=\"text-align: left;\">\u00a0<\/div>\n<div style=\"text-align: left;\">Se divide en dos pistas principales:<\/div>\n\n\t\t<\/div>\n\t\t\t\t\t<\/div>\n\n\t\n\n<\/div>\n\t<div id=\"gap-1809081085\" class=\"gap-element clearfix\" style=\"display:block; height:auto;\">\n\t\t\n<style>\n#gap-1809081085 {\n  padding-top: 30px;\n}\n@media (min-width:550px) {\n  #gap-1809081085 {\n    padding-top: 50px;\n  }\n}\n<\/style>\n\t<\/div>\n\t\n\n<div class=\"row row-full-width align-center\"  id=\"row-1911577082\">\n\n\n\t<div id=\"col-830545076\" class=\"col medium-6 small-12 large-6\"  >\n\t\t\t\t<div class=\"col-inner text-center\"  >\n\t\t\t\n\t\t\t\n\n<h1><span style=\"font-size: 115%;\">Circuito Senior<\/span><\/h1>\n<div class=\"text-center\"><div class=\"is-divider divider clearfix\" style=\"max-width:60px;height:1px;background-color:rgb(0, 0, 0);\"><\/div><\/div>\n\n<h4>11 Curvas &#8211; Longitud 1.300 m &#8211; Anchura 8 m<\/h4>\n\t<div id=\"gap-185018635\" class=\"gap-element clearfix\" style=\"display:block; height:auto;\">\n\t\t\n<style>\n#gap-185018635 {\n  padding-top: 30px;\n}\n<\/style>\n\t<\/div>\n\t\n\n\n  <div class=\"banner has-hover\" id=\"banner-143014775\">\n          <div class=\"banner-inner fill\">\n        <div class=\"banner-bg fill\" >\n            <img loading=\"lazy\" decoding=\"async\" width=\"1024\" height=\"410\" src=\"https:\/\/kartinglanzarote.com\/wp-content\/uploads\/2023\/06\/IMG-20230616-WA0001.jpg\" class=\"bg attachment-2048x2048 size-2048x2048\" alt=\"\" \/>                        <div class=\"overlay\"><\/div>            \n                    <\/div>\n\t\t\n        <div class=\"banner-layers container\">\n            <div class=\"fill banner-link\"><\/div>            \n\n   <div id=\"text-box-1106273270\" class=\"text-box banner-layer x50 md-x50 lg-x50 y50 md-y50 lg-y50 res-text\">\n                                <div class=\"text-box-content text dark\">\n              \n              <div class=\"text-inner text-center\">\n                  \n\n\t<div class=\"img has-hover x md-x lg-x y md-y lg-y\" id=\"image_607507332\">\n\t\t\t\t\t\t\t\t<div class=\"img-inner dark\" >\n\t\t\t<img loading=\"lazy\" decoding=\"async\" width=\"1\" height=\"1\" src=\"https:\/\/kartinglanzarote.com\/wp-content\/uploads\/2023\/05\/MAPA-2.svg\" class=\"attachment-large size-large\" alt=\"\" \/>\t\t\t\t\t\t\n\t\t\t\t\t<\/div>\n\t\t\t\t\t\t\t\t\n<style>\n#image_607507332 {\n  width: 100%;\n}\n<\/style>\n\t<\/div>\n\t\n\n\n              <\/div>\n           <\/div>\n                            \n<style>\n#text-box-1106273270 {\n  width: 45%;\n}\n#text-box-1106273270 .text-box-content {\n  font-size: 100%;\n}\n@media (min-width:550px) {\n  #text-box-1106273270 {\n    width: 27%;\n  }\n}\n<\/style>\n    <\/div>\n \n\n        <\/div>\n      <\/div>\n\n            \n<style>\n#banner-143014775 {\n  padding-top: 300px;\n}\n#banner-143014775 .overlay {\n  background-color: rgba(0, 0, 0, 0.262);\n}\n<\/style>\n  <\/div>\n\n\n\n\t\t<\/div>\n\t\t\t\t\n<style>\n#col-830545076 > .col-inner {\n  margin: 0px 0px 30px 0px;\n}\n<\/style>\n\t<\/div>\n\n\t\n\n\t<div id=\"col-343714265\" class=\"col medium-6 small-12 large-6\"  >\n\t\t\t\t<div class=\"col-inner text-center\"  >\n\t\t\t\n\t\t\t\n\n<h1><span style=\"font-size: 115%;\">Circuito Junior<\/span><\/h1>\n<div class=\"text-center\"><div class=\"is-divider divider clearfix\" style=\"max-width:60px;height:1px;background-color:rgb(0, 0, 0);\"><\/div><\/div>\n\n<h4>9 Curvas &#8211; Longitud 980 m &#8211; Anchura 8 m<\/h4>\n\t<div id=\"gap-1035800503\" class=\"gap-element clearfix\" style=\"display:block; height:auto;\">\n\t\t\n<style>\n#gap-1035800503 {\n  padding-top: 30px;\n}\n<\/style>\n\t<\/div>\n\t\n\n\n  <div class=\"banner has-hover\" id=\"banner-1083266951\">\n          <div class=\"banner-inner fill\">\n        <div class=\"banner-bg fill\" >\n            <img loading=\"lazy\" decoding=\"async\" width=\"1024\" height=\"424\" src=\"https:\/\/kartinglanzarote.com\/wp-content\/uploads\/2023\/06\/IMG-20230616-WA0003.jpg\" class=\"bg attachment-2048x2048 size-2048x2048\" alt=\"\" \/>                        <div class=\"overlay\"><\/div>            \n                    <\/div>\n\t\t\n        <div class=\"banner-layers container\">\n            <div class=\"fill banner-link\"><\/div>            \n\n   <div id=\"text-box-57393179\" class=\"text-box banner-layer x50 md-x50 lg-x50 y50 md-y50 lg-y50 res-text\">\n                                <div class=\"text-box-content text dark\">\n              \n              <div class=\"text-inner text-center\">\n                  \n\n\t<div class=\"img has-hover x md-x lg-x y md-y lg-y\" id=\"image_1865973275\">\n\t\t\t\t\t\t\t\t<div class=\"img-inner dark\" >\n\t\t\t<img loading=\"lazy\" decoding=\"async\" width=\"1\" height=\"1\" src=\"https:\/\/kartinglanzarote.com\/wp-content\/uploads\/2023\/05\/MAPA-1.svg\" class=\"attachment-large size-large\" alt=\"\" \/>\t\t\t\t\t\t\n\t\t\t\t\t<\/div>\n\t\t\t\t\t\t\t\t\n<style>\n#image_1865973275 {\n  width: 100%;\n}\n<\/style>\n\t<\/div>\n\t\n\n\n              <\/div>\n           <\/div>\n                            \n<style>\n#text-box-57393179 {\n  width: 40%;\n}\n#text-box-57393179 .text-box-content {\n  font-size: 100%;\n}\n@media (min-width:550px) {\n  #text-box-57393179 {\n    width: 23%;\n  }\n}\n<\/style>\n    <\/div>\n \n\n        <\/div>\n      <\/div>\n\n            \n<style>\n#banner-1083266951 {\n  padding-top: 300px;\n}\n#banner-1083266951 .overlay {\n  background-color: rgba(0, 0, 0, 0.262);\n}\n<\/style>\n  <\/div>\n\n\n\n\t\t<\/div>\n\t\t\t\t\t<\/div>\n\n\t\n\n<\/div>\n\t<div id=\"gap-1691130250\" class=\"gap-element clearfix\" style=\"display:block; height:auto;\">\n\t\t\n<style>\n#gap-1691130250 {\n  padding-top: 30px;\n}\n<\/style>\n\t<\/div>\n\t\n\n<div class=\"row\"  id=\"row-651412111\">\n\n\n\t<div id=\"col-1181628764\" class=\"col small-12 large-12\"  >\n\t\t\t\t<div class=\"col-inner text-center\"  >\n\t\t\t\n\t\t\t\n\n<a href=\"\/https:\/\/kartinglanzarote.com\/es\/kart\" class=\"button primary\"  style=\"border-radius:10px;\">\n\t\t<span>Ver todos los karts<\/span>\n\t<i class=\"icon-angle-right\" aria-hidden=\"true\" ><\/i><\/a>\n\n\n\n\t\t<\/div>\n\t\t\t\t\t<\/div>\n\n\t\n\n<\/div>\n<div class=\"row\"  id=\"row-2124429700\">\n\n\n\t<div id=\"col-917238862\" class=\"col small-12 large-12\"  >\n\t\t\t\t<div class=\"col-inner text-center\"  >\n\t\t\t\n\t\t\t\n\n\t<div class=\"img has-hover x md-x lg-x y md-y lg-y\" id=\"image_463011660\">\n\t\t\t\t\t\t\t\t<div class=\"img-inner dark\" >\n\t\t\t<img loading=\"lazy\" decoding=\"async\" width=\"300\" height=\"95\" src=\"https:\/\/kartinglanzarote.com\/wp-content\/uploads\/2023\/07\/PAGO-SEGURO-STRIPE-300x95-1.png\" class=\"attachment-medium size-medium\" alt=\"\" \/>\t\t\t\t\t\t\n\t\t\t\t\t<\/div>\n\t\t\t\t\t\t\t\t\n<style>\n#image_463011660 {\n  width: 59%;\n}\n@media (min-width:550px) {\n  #image_463011660 {\n    width: 25%;\n  }\n}\n<\/style>\n\t<\/div>\n\t\n\n\n\t\t<\/div>\n\t\t\t\t\t<\/div>\n\n\t\n\n<\/div>\n\t<div id=\"gap-281544340\" class=\"gap-element clearfix\" style=\"display:block; height:auto;\">\n\t\t\n<style>\n#gap-281544340 {\n  padding-top: 30px;\n}\n<\/style>\n\t<\/div>\n\t\n\n\n\t\t\t<!-- START Track REVOLUTION SLIDER 6.7.40 --><p class=\"rs-p-wp-fix\"><\/p>\n\t\t\t<rs-module-wrap id=\"rev_slider_17_1_wrapper\" data-source=\"gallery\" style=\"visibility:hidden;background:transparent;padding:0;margin:0px auto;margin-top:0;margin-bottom:0;\">\n\t\t\t\t<rs-module id=\"rev_slider_17_1\" style=\"\" data-version=\"6.7.40\">\n\t\t\t\t\t<rs-slides style=\"overflow: hidden; position: absolute;\">\n\t\t\t\t\t\t<rs-slide style=\"position: absolute;\" data-key=\"rs-35\" data-title=\"Intro\" data-anim=\"ms:3000;\" data-in=\"o:-0.5;sx:1.6;sy:1.6;e:power3.inOut;\" data-out=\"o:0;sx:0.6;sy:0.6;e:power3.inOut;\">\n\t\t\t\t\t\t\t<img decoding=\"async\" src=\"\/\/kartinglanzarote.com\/wp-content\/plugins\/revslider\/sr6\/assets\/assets\/dummy.png\" alt=\"\" title=\"videocover.jpg\" width=\"1920\" height=\"960\" class=\"rev-slidebg tp-rs-img rs-lazyload\" data-lazyload=\"\/\/img.youtube.com\/vi\/d2w9gIB4yO0\/sddefault.jpg\" data-parallax=\"10\" data-no-retina>\n\t\t\t\t\t\t\t<rs-bgvideo \n\t\t\t\t\t\t\t\tdata-video=\"vc:none;w:100%;h:100%;nse:false;l:loop;ptimer:true;\"\n\t\t\t\t\t\t\t\tdata-ytid=\"F6Mo75pafo8\"\n\t\t\t\t\t\t\t\tdata-vatr=\"version=3&amp;enablejsapi=1&amp;html5=1&amp;hd=1&amp;wmode=opaque&amp;showinfo=0&amp;rel=0&amp;origin=https:\/\/kartinglanzarote.com;\"\n\t\t\t\t\t\t\t><\/rs-bgvideo>\n<!--\n\t\t\t\t\t\t\t--><rs-layer\n\t\t\t\t\t\t\t\tid=\"slider-17-slide-35-layer-10\" \n\t\t\t\t\t\t\t\tclass=\"tp-shape tp-shapewrapper\"\n\t\t\t\t\t\t\t\tdata-type=\"shape\"\n\t\t\t\t\t\t\t\tdata-xy=\"x:c;y:m;\"\n\t\t\t\t\t\t\t\tdata-text=\"fw:800;\"\n\t\t\t\t\t\t\t\tdata-dim=\"w:100%;h:100%;\"\n\t\t\t\t\t\t\t\tdata-basealign=\"slide\"\n\t\t\t\t\t\t\t\tdata-rsp_bd=\"off\"\n\t\t\t\t\t\t\t\tdata-frame_1=\"st:750;sp:1500;\"\n\t\t\t\t\t\t\t\tdata-frame_999=\"e:nothing;st:w;\"\n\t\t\t\t\t\t\t\tstyle=\"z-index:5;background-color:rgba(0,0,0,0.25);\"\n\t\t\t\t\t\t\t> \n\t\t\t\t\t\t\t<\/rs-layer><!--\n-->\t\t\t\t\t<\/rs-slide>\n\t\t\t\t\t<\/rs-slides>\n\t\t\t\t<\/rs-module>\n\t\t\t\t<script>\n\t\t\t\t\tsetREVStartSize({c: 'rev_slider_17_1',rl:[1240,1024,778,480],el:[850,500,400,270],gw:[2000,2000,778,480],gh:[850,850,400,270],type:'standard',justify:'',layout:'fullwidth',mh:\"0\"});if (window.RS_MODULES!==undefined && window.RS_MODULES.modules!==undefined && window.RS_MODULES.modules[\"revslider171\"]!==undefined) {window.RS_MODULES.modules[\"revslider171\"].once = false;window.revapi17 = undefined;if (window.RS_MODULES.checkMinimal!==undefined) window.RS_MODULES.checkMinimal()}\n\t\t\t\t<\/script>\n\t\t\t<\/rs-module-wrap>\n\t\t\t<!-- END REVOLUTION SLIDER -->\n\n\n<div class=\"row row-full-width align-center\"  id=\"row-280636515\">\n\n\n\t<div id=\"col-1338007664\" class=\"col small-12 large-12\"  >\n\t\t\t\t<div class=\"col-inner\"  >\n\t\t\t\n\t\t\t\n\n\n  <div class=\"banner has-hover has-video\" id=\"banner-280184018\">\n          <div class=\"banner-inner fill\">\n        <div class=\"banner-bg fill\" >\n                        \t<div class=\"video-overlay no-click fill visible\"><\/div>\n\t<video class=\"video-bg fill visible\" preload playsinline autoplay muted loop>\n\t\t<source src=\"\/wp-content\/uploads\/2023\/09\/kart_video.mp4\" type=\"video\/mp4\">\t<\/video>\n                        \n                    <\/div>\n\t\t\n        <div class=\"banner-layers container\">\n            <div class=\"fill banner-link\"><\/div>            \n\n\n        <\/div>\n      <\/div>\n\n            \n<style>\n#banner-280184018 {\n  padding-top: 150px;\n}\n@media (min-width:550px) {\n  #banner-280184018 {\n    padding-top: 500px;\n  }\n}\n<\/style>\n  <\/div>\n\n\n\n\t\t<\/div>\n\t\t\t\t\t<\/div>\n\n\t\n\n<\/div>\n\n\t\t<\/div>\n\n\t\t\n<style>\n#section_2009022540 {\n  padding-top: 60px;\n  padding-bottom: 60px;\n}\n@media (min-width:550px) {\n  #section_2009022540 {\n    padding-top: 100px;\n    padding-bottom: 100px;\n  }\n}\n<\/style>\n\t<\/section>\n\t\n\n","protected":false},"excerpt":{"rendered":"","protected":false},"author":1,"featured_media":0,"parent":0,"menu_order":0,"comment_status":"closed","ping_status":"closed","template":"page-blank.php","meta":{"footnotes":""},"class_list":["post-178","page","type-page","status-publish","hentry"],"yoast_head":"<!-- This site is optimized with the Yoast SEO plugin v27.3 - https:\/\/yoast.com\/product\/yoast-seo-wordpress\/ -->\n<title>Circuitos<\/title>\n<meta name=\"robots\" content=\"index, follow, max-snippet:-1, max-image-preview:large, max-video-preview:-1\" \/>\n<link rel=\"canonical\" href=\"https:\/\/kartinglanzarote.com\/es\/circuitos-lanzarote\" \/>\n<meta property=\"og:locale\" content=\"es_ES\" \/>\n<meta property=\"og:type\" content=\"article\" \/>\n<meta property=\"og:title\" content=\"Circuitos\" \/>\n<meta property=\"og:url\" content=\"https:\/\/kartinglanzarote.com\/es\/circuitos-lanzarote\" \/>\n<meta property=\"og:site_name\" content=\"Karting Lanzarote\" \/>\n<meta property=\"article:modified_time\" content=\"2024-02-24T10:26:03+00:00\" \/>\n<meta name=\"twitter:card\" content=\"summary_large_image\" \/>\n<meta name=\"twitter:label1\" content=\"Tiempo de lectura\" \/>\n\t<meta name=\"twitter:data1\" content=\"2 minutos\" \/>\n<script type=\"application\/ld+json\" class=\"yoast-schema-graph\">{\"@context\":\"https:\\\/\\\/schema.org\",\"@graph\":[{\"@type\":\"WebPage\",\"@id\":\"https:\\\/\\\/kartinglanzarote.com\\\/es\\\/circuitos-lanzarote\",\"url\":\"https:\\\/\\\/kartinglanzarote.com\\\/es\\\/circuitos-lanzarote\",\"name\":\"Circuitos\",\"isPartOf\":{\"@id\":\"https:\\\/\\\/kartinglanzarote.com\\\/es#website\"},\"datePublished\":\"2023-06-02T07:56:39+00:00\",\"dateModified\":\"2024-02-24T10:26:03+00:00\",\"breadcrumb\":{\"@id\":\"https:\\\/\\\/kartinglanzarote.com\\\/es\\\/circuitos-lanzarote#breadcrumb\"},\"inLanguage\":\"es\",\"potentialAction\":[{\"@type\":\"ReadAction\",\"target\":[\"https:\\\/\\\/kartinglanzarote.com\\\/es\\\/circuitos-lanzarote\"]}]},{\"@type\":\"BreadcrumbList\",\"@id\":\"https:\\\/\\\/kartinglanzarote.com\\\/es\\\/circuitos-lanzarote#breadcrumb\",\"itemListElement\":[{\"@type\":\"ListItem\",\"position\":1,\"name\":\"Home\",\"item\":\"https:\\\/\\\/kartinglanzarote.com\\\/es\"},{\"@type\":\"ListItem\",\"position\":2,\"name\":\"Circuitos\"}]},{\"@type\":\"WebSite\",\"@id\":\"https:\\\/\\\/kartinglanzarote.com\\\/es#website\",\"url\":\"https:\\\/\\\/kartinglanzarote.com\\\/es\",\"name\":\"Karting Lanzarote\",\"description\":\"\",\"publisher\":{\"@id\":\"https:\\\/\\\/kartinglanzarote.com\\\/es#organization\"},\"potentialAction\":[{\"@type\":\"SearchAction\",\"target\":{\"@type\":\"EntryPoint\",\"urlTemplate\":\"https:\\\/\\\/kartinglanzarote.com\\\/es?s={search_term_string}\"},\"query-input\":{\"@type\":\"PropertyValueSpecification\",\"valueRequired\":true,\"valueName\":\"search_term_string\"}}],\"inLanguage\":\"es\"},{\"@type\":\"Organization\",\"@id\":\"https:\\\/\\\/kartinglanzarote.com\\\/es#organization\",\"name\":\"Karting Lanzarote\",\"url\":\"https:\\\/\\\/kartinglanzarote.com\\\/es\",\"logo\":{\"@type\":\"ImageObject\",\"inLanguage\":\"es\",\"@id\":\"https:\\\/\\\/kartinglanzarote.com\\\/es#\\\/schema\\\/logo\\\/image\\\/\",\"url\":\"https:\\\/\\\/kartinglanzarote.com\\\/wp-content\\\/uploads\\\/2023\\\/07\\\/9012abf9-5b44-47f9-8865-29e2c5fcf5dd.jpg\",\"contentUrl\":\"https:\\\/\\\/kartinglanzarote.com\\\/wp-content\\\/uploads\\\/2023\\\/07\\\/9012abf9-5b44-47f9-8865-29e2c5fcf5dd.jpg\",\"width\":898,\"height\":505,\"caption\":\"Karting Lanzarote\"},\"image\":{\"@id\":\"https:\\\/\\\/kartinglanzarote.com\\\/es#\\\/schema\\\/logo\\\/image\\\/\"}}]}<\/script>\n<!-- \/ Yoast SEO plugin. -->","yoast_head_json":{"title":"Circuitos","robots":{"index":"index","follow":"follow","max-snippet":"max-snippet:-1","max-image-preview":"max-image-preview:large","max-video-preview":"max-video-preview:-1"},"canonical":"https:\/\/kartinglanzarote.com\/es\/circuitos-lanzarote","og_locale":"es_ES","og_type":"article","og_title":"Circuitos","og_url":"https:\/\/kartinglanzarote.com\/es\/circuitos-lanzarote","og_site_name":"Karting Lanzarote","article_modified_time":"2024-02-24T10:26:03+00:00","twitter_card":"summary_large_image","twitter_misc":{"Tiempo de lectura":"2 minutos"},"schema":{"@context":"https:\/\/schema.org","@graph":[{"@type":"WebPage","@id":"https:\/\/kartinglanzarote.com\/es\/circuitos-lanzarote","url":"https:\/\/kartinglanzarote.com\/es\/circuitos-lanzarote","name":"Circuitos","isPartOf":{"@id":"https:\/\/kartinglanzarote.com\/es#website"},"datePublished":"2023-06-02T07:56:39+00:00","dateModified":"2024-02-24T10:26:03+00:00","breadcrumb":{"@id":"https:\/\/kartinglanzarote.com\/es\/circuitos-lanzarote#breadcrumb"},"inLanguage":"es","potentialAction":[{"@type":"ReadAction","target":["https:\/\/kartinglanzarote.com\/es\/circuitos-lanzarote"]}]},{"@type":"BreadcrumbList","@id":"https:\/\/kartinglanzarote.com\/es\/circuitos-lanzarote#breadcrumb","itemListElement":[{"@type":"ListItem","position":1,"name":"Home","item":"https:\/\/kartinglanzarote.com\/es"},{"@type":"ListItem","position":2,"name":"Circuitos"}]},{"@type":"WebSite","@id":"https:\/\/kartinglanzarote.com\/es#website","url":"https:\/\/kartinglanzarote.com\/es","name":"Karting Lanzarote","description":"","publisher":{"@id":"https:\/\/kartinglanzarote.com\/es#organization"},"potentialAction":[{"@type":"SearchAction","target":{"@type":"EntryPoint","urlTemplate":"https:\/\/kartinglanzarote.com\/es?s={search_term_string}"},"query-input":{"@type":"PropertyValueSpecification","valueRequired":true,"valueName":"search_term_string"}}],"inLanguage":"es"},{"@type":"Organization","@id":"https:\/\/kartinglanzarote.com\/es#organization","name":"Karting Lanzarote","url":"https:\/\/kartinglanzarote.com\/es","logo":{"@type":"ImageObject","inLanguage":"es","@id":"https:\/\/kartinglanzarote.com\/es#\/schema\/logo\/image\/","url":"https:\/\/kartinglanzarote.com\/wp-content\/uploads\/2023\/07\/9012abf9-5b44-47f9-8865-29e2c5fcf5dd.jpg","contentUrl":"https:\/\/kartinglanzarote.com\/wp-content\/uploads\/2023\/07\/9012abf9-5b44-47f9-8865-29e2c5fcf5dd.jpg","width":898,"height":505,"caption":"Karting Lanzarote"},"image":{"@id":"https:\/\/kartinglanzarote.com\/es#\/schema\/logo\/image\/"}}]}},"_links":{"self":[{"href":"https:\/\/kartinglanzarote.com\/es\/wp-json\/wp\/v2\/pages\/178","targetHints":{"allow":["GET"]}}],"collection":[{"href":"https:\/\/kartinglanzarote.com\/es\/wp-json\/wp\/v2\/pages"}],"about":[{"href":"https:\/\/kartinglanzarote.com\/es\/wp-json\/wp\/v2\/types\/page"}],"author":[{"embeddable":true,"href":"https:\/\/kartinglanzarote.com\/es\/wp-json\/wp\/v2\/users\/1"}],"replies":[{"embeddable":true,"href":"https:\/\/kartinglanzarote.com\/es\/wp-json\/wp\/v2\/comments?post=178"}],"version-history":[{"count":16,"href":"https:\/\/kartinglanzarote.com\/es\/wp-json\/wp\/v2\/pages\/178\/revisions"}],"predecessor-version":[{"id":938,"href":"https:\/\/kartinglanzarote.com\/es\/wp-json\/wp\/v2\/pages\/178\/revisions\/938"}],"wp:attachment":[{"href":"https:\/\/kartinglanzarote.com\/es\/wp-json\/wp\/v2\/media?parent=178"}],"curies":[{"name":"wp","href":"https:\/\/api.w.org\/{rel}","templated":true}]}}