{"id":190,"date":"2023-06-02T19:14:59","date_gmt":"2023-06-02T19:14:59","guid":{"rendered":"https:\/\/karting.hangar37.es\/?page_id=190"},"modified":"2023-07-12T17:47:34","modified_gmt":"2023-07-12T17:47:34","slug":"donde-estamos-2","status":"publish","type":"page","link":"https:\/\/kartinglanzarote.com\/es\/donde-estamos-2","title":{"rendered":"Donde estamos"},"content":{"rendered":"\n\t<div class=\"img has-hover hide-for-small x md-x lg-x y md-y lg-y\" id=\"image_362543727\">\n\t\t\t\t\t\t\t\t<div class=\"img-inner dark\" >\n\t\t\t<img loading=\"lazy\" decoding=\"async\" width=\"1905\" height=\"423\" src=\"https:\/\/kartinglanzarote.com\/wp-content\/uploads\/2023\/06\/DONDE-ESTAMOS-1.png\" class=\"attachment-2048x2048 size-2048x2048\" alt=\"\" srcset=\"https:\/\/kartinglanzarote.com\/wp-content\/uploads\/2023\/06\/DONDE-ESTAMOS-1.png 1905w, https:\/\/kartinglanzarote.com\/wp-content\/uploads\/2023\/06\/DONDE-ESTAMOS-1-300x67.png 300w, https:\/\/kartinglanzarote.com\/wp-content\/uploads\/2023\/06\/DONDE-ESTAMOS-1-1024x227.png 1024w, https:\/\/kartinglanzarote.com\/wp-content\/uploads\/2023\/06\/DONDE-ESTAMOS-1-768x171.png 768w, https:\/\/kartinglanzarote.com\/wp-content\/uploads\/2023\/06\/DONDE-ESTAMOS-1-1536x341.png 1536w\" sizes=\"auto, (max-width: 1905px) 100vw, 1905px\" \/>\t\t\t\t\t\t\n\t\t\t\t\t<\/div>\n\t\t\t\t\t\t\t\t\n<style>\n#image_362543727 {\n  width: 100%;\n}\n<\/style>\n\t<\/div>\n\t\n\n\t<div class=\"img has-hover show-for-small x md-x lg-x y md-y lg-y\" id=\"image_402076431\">\n\t\t\t\t\t\t\t\t<div class=\"img-inner dark\" >\n\t\t\t<img loading=\"lazy\" decoding=\"async\" width=\"1020\" height=\"382\" src=\"https:\/\/kartinglanzarote.com\/wp-content\/uploads\/2023\/06\/DONDE-ESTAMOS-2-1024x383.png\" class=\"attachment-large size-large\" alt=\"\" srcset=\"https:\/\/kartinglanzarote.com\/wp-content\/uploads\/2023\/06\/DONDE-ESTAMOS-2-1024x383.png 1024w, https:\/\/kartinglanzarote.com\/wp-content\/uploads\/2023\/06\/DONDE-ESTAMOS-2-300x112.png 300w, https:\/\/kartinglanzarote.com\/wp-content\/uploads\/2023\/06\/DONDE-ESTAMOS-2-768x287.png 768w, https:\/\/kartinglanzarote.com\/wp-content\/uploads\/2023\/06\/DONDE-ESTAMOS-2.png 1131w\" sizes=\"auto, (max-width: 1020px) 100vw, 1020px\" \/>\t\t\t\t\t\t\n\t\t\t\t\t<\/div>\n\t\t\t\t\t\t\t\t\n<style>\n#image_402076431 {\n  width: 100%;\n}\n<\/style>\n\t<\/div>\n\t\n\n\n\t<section class=\"section has-parallax\" id=\"section_1678283830\">\n\t\t<div class=\"section-bg fill\" data-parallax-container=\".section\" data-parallax-background data-parallax=\"-10\">\n\t\t\t<img loading=\"lazy\" decoding=\"async\" width=\"2000\" height=\"2000\" src=\"https:\/\/kartinglanzarote.com\/wp-content\/uploads\/2023\/05\/FONDO-WEB-2000px.jpg\" class=\"bg attachment- size-\" alt=\"\" \/>\t\t\t\t\t\t\n\t\t\t\n\n\t\t<\/div>\n\n\t\t\n\n\t\t<div class=\"section-content relative\">\n\t\t\t\n\n<div class=\"row\"  id=\"row-1233800743\">\n\n\n\t<div id=\"col-523499550\" class=\"col small-12 large-12\"  >\n\t\t\t\t<div class=\"col-inner\"  >\n\t\t\t\n\t\t\t\n\n\t<div id=\"gap-175945964\" class=\"gap-element clearfix\" style=\"display:block; height:auto;\">\n\t\t\n<style>\n#gap-175945964 {\n  padding-top: 10px;\n}\n@media (min-width:550px) {\n  #gap-175945964 {\n    padding-top: 40px;\n  }\n}\n<\/style>\n\t<\/div>\n\t\n\n<div>Nos encontramos al lado del\u00a0<b>Aeropuerto de Lanzarote<\/b>, pr\u00f3ximo a\u00a0<b>T\u00edas<\/b>. Nuestro principal acceso es por un camino asfaltado en la carretera LZ-40 junto a la gasolinera SPL (justo en frente de otra gasolinera SPL). Ese camino asfaltado tiene carteles que te indican que vas hacia el karting.<\/div>\n<div>\u00a0<\/div>\n<div>Desde a carretera principal que une norte y sur de la isla ( LZ-2 ) tambi\u00e9n hay unos accesos directos al circuito en ambos sentidos pero es f\u00e1cil pas\u00e1rselos si no est\u00e1s atento.\u00a0<\/div>\n<div>\u00a0<\/div>\n<div>La mejor manera de llegar es abriendo el navegador del tel\u00e9fono m\u00f3vil en este enlace:\u00a0<a href=\"https:\/\/www.google.es\/maps\/dir\/\/Gran+Karting+Club+Lanzarote,+Carretera+LZ-2,+Km+7,+35572+T%C3%ADas,+Lanzarote,+Las+Palmas\/@28.9480678,-13.665337,13z\/data=!4m9!4m8!1m0!1m5!1m1!1s0xc46266333341155:0xa3ef34ad97043ecf!2m2!1d-13.6240513!2d28.9480741!3e0?hl=es&amp;entry=ttu\" target=\"_blank\" rel=\"noopener\" data-saferedirecturl=\"https:\/\/www.google.com\/url?q=https:\/\/www.google.es\/maps\/dir\/\/Gran%2BKarting%2BClub%2BLanzarote,%2BCarretera%2BLZ-2,%2BKm%2B7,%2B35572%2BT%25C3%25ADas,%2BLanzarote,%2BLas%2BPalmas\/@28.9480678,-13.665337,13z\/data%3D!4m9!4m8!1m0!1m5!1m1!1s0xc46266333341155:0xa3ef34ad97043ecf!2m2!1d-13.6240513!2d28.9480741!3e0?hl%3Des%26entry%3Dttu&amp;source=gmail&amp;ust=1687593855317000&amp;usg=AOvVaw29lVv5HBcKVLVYt45QYQE-\">C\u00d3MO LLEGAR AL KARTING<\/a>\u00a0y seguir sus instrucciones.<\/div>\n<div>\u00a0<\/div>\n<div>Otra opci\u00f3n es alquilar un coche ese d\u00eda para ir al karting (son muy econ\u00f3micos) y aprovecharlo tambi\u00e9n para recorrer la isla. En este enlace tienes algunas opciones:\u00a0<a href=\"https:\/\/www.kayak.es\/Lanzarote-Coches-de-alquiler.f2000062.crr.html\" target=\"_blank\" rel=\"noopener\" data-saferedirecturl=\"https:\/\/www.google.com\/url?q=https:\/\/www.kayak.es\/Lanzarote-Coches-de-alquiler.f2000062.crr.html&amp;source=gmail&amp;ust=1687593855317000&amp;usg=AOvVaw0TLMX4A8UYUKmqh7YnDDP1\">COCHES ALQUILER<\/a>\u00a0<\/div>\n<div>\u00a0<\/div>\n<div>Otra opci\u00f3n es coger un autob\u00fas hasta el aeropuerto y all\u00ed coger un taxi hasta el Karting (3 minutos y s\u00f3lo 9\u20ac)<\/div>\n\n\t\t<\/div>\n\t\t\t\t\t<\/div>\n\n\t\n\n<\/div>\n<div class=\"row\"  id=\"row-293084335\">\n\n\n\t<div id=\"col-683226148\" class=\"col small-12 large-12\"  >\n\t\t\t\t<div class=\"col-inner\"  >\n\t\t\t\n\t\t\t\n\n\t<div id=\"gap-1197829393\" class=\"gap-element clearfix\" style=\"display:block; height:auto;\">\n\t\t\n<style>\n#gap-1197829393 {\n  padding-top: 40px;\n}\n<\/style>\n\t<\/div>\n\t\n\n<h2 style=\"text-align: center;\">\u00bfC\u00f3mo llegar en guagua o taxi?<\/h2>\n\n\t\t<\/div>\n\t\t\t\t\t<\/div>\n\n\t\n\n<\/div>\n<div class=\"row align-center\"  id=\"row-1850368504\">\n\n\n\t<div id=\"col-1216463721\" class=\"col medium-3 small-6 large-3\"  >\n\t\t\t\t<div class=\"col-inner text-center\"  >\n\t\t\t\n\t\t\t\n\n\t<div class=\"img has-hover x md-x lg-x y md-y lg-y\" id=\"image_737364025\">\n\t\t<a class=\"\" href=\"https:\/\/arrecifebus.com\/index.php?option=com_content&#038;view=article&#038;id=2417&#038;Itemid=351&#038;lang=es\" target=\"_blank\" rel=\"noopener\" >\t\t\t\t\t\t<div class=\"img-inner dark\" >\n\t\t\t<img loading=\"lazy\" decoding=\"async\" width=\"600\" height=\"600\" src=\"https:\/\/kartinglanzarote.com\/wp-content\/uploads\/2023\/06\/guagua.png\" class=\"attachment-large size-large\" alt=\"\" srcset=\"https:\/\/kartinglanzarote.com\/wp-content\/uploads\/2023\/06\/guagua.png 600w, https:\/\/kartinglanzarote.com\/wp-content\/uploads\/2023\/06\/guagua-300x300.png 300w, https:\/\/kartinglanzarote.com\/wp-content\/uploads\/2023\/06\/guagua-150x150.png 150w\" sizes=\"auto, (max-width: 600px) 100vw, 600px\" \/>\t\t\t\t\t\t\n\t\t\t\t\t<\/div>\n\t\t\t\t\t\t<\/a>\t\t\n<style>\n#image_737364025 {\n  width: 59%;\n}\n<\/style>\n\t<\/div>\n\t\n\n\n\t\t<\/div>\n\t\t\t\t\t<\/div>\n\n\t\n\n\t<div id=\"col-1450001567\" class=\"col medium-3 small-6 large-3\"  >\n\t\t\t\t<div class=\"col-inner text-center\"  >\n\t\t\t\n\t\t\t\n\n\t<div class=\"img has-hover x md-x lg-x y md-y lg-y\" id=\"image_1622238877\">\n\t\t<a class=\"\" href=\"https:\/\/taxilanz.com\/en\/rates\" target=\"_blank\" rel=\"noopener\" >\t\t\t\t\t\t<div class=\"img-inner dark\" >\n\t\t\t<img loading=\"lazy\" decoding=\"async\" width=\"600\" height=\"600\" src=\"https:\/\/kartinglanzarote.com\/wp-content\/uploads\/2023\/06\/taxi1.png\" class=\"attachment-large size-large\" alt=\"\" srcset=\"https:\/\/kartinglanzarote.com\/wp-content\/uploads\/2023\/06\/taxi1.png 600w, https:\/\/kartinglanzarote.com\/wp-content\/uploads\/2023\/06\/taxi1-300x300.png 300w, https:\/\/kartinglanzarote.com\/wp-content\/uploads\/2023\/06\/taxi1-150x150.png 150w\" sizes=\"auto, (max-width: 600px) 100vw, 600px\" \/>\t\t\t\t\t\t\n\t\t\t\t\t<\/div>\n\t\t\t\t\t\t<\/a>\t\t\n<style>\n#image_1622238877 {\n  width: 59%;\n}\n<\/style>\n\t<\/div>\n\t\n\n\n\t\t<\/div>\n\t\t\t\t\t<\/div>\n\n\t\n\n<\/div>\n\t<div id=\"gap-1172524967\" class=\"gap-element clearfix\" style=\"display:block; height:auto;\">\n\t\t\n<style>\n#gap-1172524967 {\n  padding-top: 50px;\n}\n<\/style>\n\t<\/div>\n\t\n\n<div class=\"row align-center\"  id=\"row-1433760193\">\n\n\n\t<div id=\"col-512451422\" class=\"col small-11 large-12\"  >\n\t\t\t\t<div class=\"col-inner text-center\"  >\n\t\t\t\n\t\t\t\n\n<p>En el siguiente mapa puedes hacer zoom o moverte pellizcando o moviendo con dos dedos.<\/p>\n\n\n\t\t<\/div>\n\t\t\t\t\t<\/div>\n\n\t\n\n<\/div>\n<div class=\"row row-full-width\"  id=\"row-1218262719\">\n\n\n\t<div id=\"col-174708590\" class=\"col small-12 large-12\"  >\n\t\t\t\t<div class=\"col-inner\"  >\n\t\t\t\n\t\t\t\n\n\n\n<iframe src=\"https:\/\/www.google.com\/maps\/embed?pb=!1m14!1m8!1m3!1d13965.525149229596!2d-13.618340047085203!3d28.94641333252673!3m2!1i1024!2i768!4f13.1!3m3!1m2!1s0xc46266333341155%3A0xa3ef34ad97043ecf!2sGran%20Karting%20Club%20Lanzarote!5e0!3m2!1ses!2ses!4v1686749841543!5m2!1ses!2ses\" width=\"100%\" height=\"700\" style=\"border:0;\" allowfullscreen=\"\" loading=\"lazy\" referrerpolicy=\"no-referrer-when-downgrade\"><\/iframe>\n\n\t<div id=\"gap-62337808\" class=\"gap-element clearfix\" style=\"display:block; height:auto;\">\n\t\t\n<style>\n#gap-62337808 {\n  padding-top: 40px;\n}\n<\/style>\n\t<\/div>\n\t\n\n\n\t\t<\/div>\n\t\t\t\t\t<\/div>\n\n\t\n\n<\/div>\n<div class=\"row row-full-width\"  id=\"row-329557585\">\n\n\n\t<div id=\"col-1272389431\" class=\"col small-12 large-12\"  >\n\t\t\t\t<div class=\"col-inner\"  >\n\t\t\t\n\t\t\t\n\n\t<div class=\"img has-hover x md-x lg-x y md-y lg-y\" id=\"image_1467497886\">\n\t\t\t\t\t\t\t\t<div class=\"img-inner dark\" >\n\t\t\t<img loading=\"lazy\" decoding=\"async\" width=\"2048\" height=\"1362\" src=\"https:\/\/kartinglanzarote.com\/wp-content\/uploads\/2023\/06\/mapa-situacion-comprimido-2048x1362.jpg\" class=\"attachment-2048x2048 size-2048x2048\" alt=\"\" srcset=\"https:\/\/kartinglanzarote.com\/wp-content\/uploads\/2023\/06\/mapa-situacion-comprimido-2048x1362.jpg 2048w, https:\/\/kartinglanzarote.com\/wp-content\/uploads\/2023\/06\/mapa-situacion-comprimido-300x199.jpg 300w, https:\/\/kartinglanzarote.com\/wp-content\/uploads\/2023\/06\/mapa-situacion-comprimido-1024x681.jpg 1024w, https:\/\/kartinglanzarote.com\/wp-content\/uploads\/2023\/06\/mapa-situacion-comprimido-768x511.jpg 768w, https:\/\/kartinglanzarote.com\/wp-content\/uploads\/2023\/06\/mapa-situacion-comprimido-1536x1021.jpg 1536w\" sizes=\"auto, (max-width: 2048px) 100vw, 2048px\" \/>\t\t\t\t\t\t\n\t\t\t\t\t<\/div>\n\t\t\t\t\t\t\t\t\n<style>\n#image_1467497886 {\n  width: 100%;\n}\n<\/style>\n\t<\/div>\n\t\n\n\n\t\t<\/div>\n\t\t\t\t\t<\/div>\n\n\t\n\n<\/div>\n\t<div id=\"gap-474210771\" class=\"gap-element clearfix\" style=\"display:block; height:auto;\">\n\t\t\n<style>\n#gap-474210771 {\n  padding-top: 40px;\n}\n<\/style>\n\t<\/div>\n\t\n\n<div class=\"row align-center\"  id=\"row-1346084799\">\n\n\n\t<div id=\"col-1769495337\" class=\"col medium-4 small-12 large-4\"  >\n\t\t\t\t<div class=\"col-inner text-center\"  >\n\t\t\t\n\t\t\t\n\n\t<div class=\"img has-hover x md-x lg-x y md-y lg-y\" id=\"image_22124361\">\n\t\t<a class=\"\" href=\"https:\/\/www.google.es\/maps\/dir\/\/Gran+Karting+Club+Lanzarote,+Carretera+LZ-2,+Km+7,+35572+T%C3%ADas,+Lanzarote,+Las+Palmas\/@28.9480678,-13.665337,13z\/data=!4m9!4m8!1m0!1m5!1m1!1s0xc46266333341155:0xa3ef34ad97043ecf!2m2!1d-13.6240513!2d28.9480741!3e0?hl=es&#038;entry=ttu\" >\t\t\t\t\t\t<div class=\"img-inner dark\" >\n\t\t\t<img loading=\"lazy\" decoding=\"async\" width=\"256\" height=\"256\" src=\"https:\/\/kartinglanzarote.com\/wp-content\/uploads\/2023\/06\/google-1.png\" class=\"attachment-large size-large\" alt=\"\" srcset=\"https:\/\/kartinglanzarote.com\/wp-content\/uploads\/2023\/06\/google-1.png 256w, https:\/\/kartinglanzarote.com\/wp-content\/uploads\/2023\/06\/google-1-150x150.png 150w\" sizes=\"auto, (max-width: 256px) 100vw, 256px\" \/>\t\t\t\t\t\t\n\t\t\t\t\t<\/div>\n\t\t\t\t\t\t<\/a>\t\t\n<style>\n#image_22124361 {\n  width: 22%;\n}\n@media (min-width:550px) {\n  #image_22124361 {\n    width: 37%;\n  }\n}\n<\/style>\n\t<\/div>\n\t\n\n<p>Pincha el icono para mostrar el recorrido en Google Maps<\/p>\n\n\t\t<\/div>\n\t\t\t\t\t<\/div>\n\n\t\n\n<\/div>\n\t<div id=\"gap-1836053696\" class=\"gap-element clearfix\" style=\"display:block; height:auto;\">\n\t\t\n<style>\n#gap-1836053696 {\n  padding-top: 0px;\n}\n@media (min-width:550px) {\n  #gap-1836053696 {\n    padding-top: 30px;\n  }\n}\n<\/style>\n\t<\/div>\n\t\n\n\n\t\t<\/div>\n\n\t\t\n<style>\n#section_1678283830 {\n  padding-top: 30px;\n  padding-bottom: 30px;\n}\n<\/style>\n\t<\/section>\n\t\n\t<div class=\"img has-hover hide-for-small x md-x lg-x y md-y lg-y\" id=\"image_1067391045\">\n\t\t\t\t\t\t\t\t<div class=\"img-inner dark\" >\n\t\t\t<img loading=\"lazy\" decoding=\"async\" width=\"1020\" height=\"26\" src=\"https:\/\/kartinglanzarote.com\/wp-content\/uploads\/2023\/05\/WEB-LINE-1024x26.jpg\" class=\"attachment-large size-large\" alt=\"\" srcset=\"https:\/\/kartinglanzarote.com\/wp-content\/uploads\/2023\/05\/WEB-LINE-1024x26.jpg 1024w, https:\/\/kartinglanzarote.com\/wp-content\/uploads\/2023\/05\/WEB-LINE-300x7.jpg 300w, https:\/\/kartinglanzarote.com\/wp-content\/uploads\/2023\/05\/WEB-LINE-768x19.jpg 768w, https:\/\/kartinglanzarote.com\/wp-content\/uploads\/2023\/05\/WEB-LINE.jpg 1284w\" sizes=\"auto, (max-width: 1020px) 100vw, 1020px\" \/>\t\t\t\t\t\t\n\t\t\t\t\t<\/div>\n\t\t\t\t\t\t\t\t\n<style>\n#image_1067391045 {\n  width: 100%;\n}\n<\/style>\n\t<\/div>\n\t\n\n\n\t<section class=\"section show-for-small\" id=\"section_1294795260\">\n\t\t<div class=\"section-bg fill\" >\n\t\t\t\t\t\t\t\t\t\n\t\t\t\n\n\t\t<\/div>\n\n\t\t\n\n\t\t<div class=\"section-content relative\">\n\t\t\t\n\n\n\t\t\t<!-- START barra REVOLUTION SLIDER 6.7.40 --><p class=\"rs-p-wp-fix\"><\/p>\n\t\t\t<rs-module-wrap id=\"rev_slider_10_1_wrapper\" data-source=\"gallery\" style=\"visibility:hidden;background:transparent;padding:0;margin:0px auto;margin-top:0;margin-bottom:0;\">\n\t\t\t\t<rs-module id=\"rev_slider_10_1\" style=\"\" data-version=\"6.7.40\">\n\t\t\t\t\t<rs-slides style=\"overflow: hidden; position: absolute;\">\n\t\t\t\t\t\t<rs-slide style=\"position: absolute;\" data-key=\"rs-23\" data-title=\"Slide\" data-anim=\"ms:10;\" data-in=\"o:1;\" data-out=\"a:false;\">\n\t\t\t\t\t\t\t<img decoding=\"async\" src=\"\/\/kartinglanzarote.com\/wp-content\/plugins\/revslider\/sr6\/assets\/assets\/dummy.png\" alt=\"\" title=\"LINE MOVIL 2\" width=\"1131\" height=\"47\" class=\"rev-slidebg tp-rs-img rs-lazyload\" data-lazyload=\"\/\/kartinglanzarote.com\/wp-content\/uploads\/2023\/06\/LINE-MOVIL-2.png\" data-parallax=\"off\" data-no-retina>\n<!---->\t\t\t\t\t<\/rs-slide>\n\t\t\t\t\t<\/rs-slides>\n\t\t\t\t<\/rs-module>\n\t\t\t\t<script>\n\t\t\t\t\tsetREVStartSize({c: 'rev_slider_10_1',rl:[1240,1024,778,480],el:[57,30,30,57],gw:[1905,1905,1905,780],gh:[57,57,57,57],type:'hero',justify:'',layout:'fullwidth',mh:\"0\"});if (window.RS_MODULES!==undefined && window.RS_MODULES.modules!==undefined && window.RS_MODULES.modules[\"revslider101\"]!==undefined) {window.RS_MODULES.modules[\"revslider101\"].once = false;window.revapi10 = undefined;if (window.RS_MODULES.checkMinimal!==undefined) window.RS_MODULES.checkMinimal()}\n\t\t\t\t<\/script>\n\t\t\t<\/rs-module-wrap>\n\t\t\t<!-- END REVOLUTION SLIDER -->\n\n\n\t\t<\/div>\n\n\t\t\n<style>\n#section_1294795260 {\n  padding-top: 0px;\n  padding-bottom: 0px;\n}\n<\/style>\n\t<\/section>\n\t\n\n","protected":false},"excerpt":{"rendered":"","protected":false},"author":1,"featured_media":0,"parent":0,"menu_order":0,"comment_status":"closed","ping_status":"closed","template":"page-blank.php","meta":{"footnotes":""},"class_list":["post-190","page","type-page","status-publish","hentry"],"yoast_head":"<!-- This site is optimized with the Yoast SEO plugin v27.3 - https:\/\/yoast.com\/product\/yoast-seo-wordpress\/ -->\n<title>Donde estamos<\/title>\n<meta name=\"robots\" content=\"index, follow, max-snippet:-1, max-image-preview:large, max-video-preview:-1\" \/>\n<link rel=\"canonical\" href=\"https:\/\/kartinglanzarote.com\/es\/donde-estamos-2\" \/>\n<meta property=\"og:locale\" content=\"es_ES\" \/>\n<meta property=\"og:type\" content=\"article\" \/>\n<meta property=\"og:title\" content=\"Donde estamos\" \/>\n<meta property=\"og:url\" content=\"https:\/\/kartinglanzarote.com\/es\/donde-estamos-2\" \/>\n<meta property=\"og:site_name\" content=\"Karting Lanzarote\" \/>\n<meta property=\"article:modified_time\" content=\"2023-07-12T17:47:34+00:00\" \/>\n<meta name=\"twitter:card\" content=\"summary_large_image\" \/>\n<meta name=\"twitter:label1\" content=\"Tiempo de lectura\" \/>\n\t<meta name=\"twitter:data1\" content=\"2 minutos\" \/>\n<script type=\"application\/ld+json\" class=\"yoast-schema-graph\">{\"@context\":\"https:\\\/\\\/schema.org\",\"@graph\":[{\"@type\":\"WebPage\",\"@id\":\"https:\\\/\\\/kartinglanzarote.com\\\/es\\\/donde-estamos-2\",\"url\":\"https:\\\/\\\/kartinglanzarote.com\\\/es\\\/donde-estamos-2\",\"name\":\"Donde estamos\",\"isPartOf\":{\"@id\":\"https:\\\/\\\/kartinglanzarote.com\\\/es#website\"},\"datePublished\":\"2023-06-02T19:14:59+00:00\",\"dateModified\":\"2023-07-12T17:47:34+00:00\",\"breadcrumb\":{\"@id\":\"https:\\\/\\\/kartinglanzarote.com\\\/es\\\/donde-estamos-2#breadcrumb\"},\"inLanguage\":\"es\",\"potentialAction\":[{\"@type\":\"ReadAction\",\"target\":[\"https:\\\/\\\/kartinglanzarote.com\\\/es\\\/donde-estamos-2\"]}]},{\"@type\":\"BreadcrumbList\",\"@id\":\"https:\\\/\\\/kartinglanzarote.com\\\/es\\\/donde-estamos-2#breadcrumb\",\"itemListElement\":[{\"@type\":\"ListItem\",\"position\":1,\"name\":\"Home\",\"item\":\"https:\\\/\\\/kartinglanzarote.com\\\/es\"},{\"@type\":\"ListItem\",\"position\":2,\"name\":\"Donde estamos\"}]},{\"@type\":\"WebSite\",\"@id\":\"https:\\\/\\\/kartinglanzarote.com\\\/es#website\",\"url\":\"https:\\\/\\\/kartinglanzarote.com\\\/es\",\"name\":\"Karting Lanzarote\",\"description\":\"\",\"publisher\":{\"@id\":\"https:\\\/\\\/kartinglanzarote.com\\\/es#organization\"},\"potentialAction\":[{\"@type\":\"SearchAction\",\"target\":{\"@type\":\"EntryPoint\",\"urlTemplate\":\"https:\\\/\\\/kartinglanzarote.com\\\/es?s={search_term_string}\"},\"query-input\":{\"@type\":\"PropertyValueSpecification\",\"valueRequired\":true,\"valueName\":\"search_term_string\"}}],\"inLanguage\":\"es\"},{\"@type\":\"Organization\",\"@id\":\"https:\\\/\\\/kartinglanzarote.com\\\/es#organization\",\"name\":\"Karting Lanzarote\",\"url\":\"https:\\\/\\\/kartinglanzarote.com\\\/es\",\"logo\":{\"@type\":\"ImageObject\",\"inLanguage\":\"es\",\"@id\":\"https:\\\/\\\/kartinglanzarote.com\\\/es#\\\/schema\\\/logo\\\/image\\\/\",\"url\":\"https:\\\/\\\/kartinglanzarote.com\\\/wp-content\\\/uploads\\\/2023\\\/07\\\/9012abf9-5b44-47f9-8865-29e2c5fcf5dd.jpg\",\"contentUrl\":\"https:\\\/\\\/kartinglanzarote.com\\\/wp-content\\\/uploads\\\/2023\\\/07\\\/9012abf9-5b44-47f9-8865-29e2c5fcf5dd.jpg\",\"width\":898,\"height\":505,\"caption\":\"Karting Lanzarote\"},\"image\":{\"@id\":\"https:\\\/\\\/kartinglanzarote.com\\\/es#\\\/schema\\\/logo\\\/image\\\/\"}}]}<\/script>\n<!-- \/ Yoast SEO plugin. -->","yoast_head_json":{"title":"Donde estamos","robots":{"index":"index","follow":"follow","max-snippet":"max-snippet:-1","max-image-preview":"max-image-preview:large","max-video-preview":"max-video-preview:-1"},"canonical":"https:\/\/kartinglanzarote.com\/es\/donde-estamos-2","og_locale":"es_ES","og_type":"article","og_title":"Donde estamos","og_url":"https:\/\/kartinglanzarote.com\/es\/donde-estamos-2","og_site_name":"Karting Lanzarote","article_modified_time":"2023-07-12T17:47:34+00:00","twitter_card":"summary_large_image","twitter_misc":{"Tiempo de lectura":"2 minutos"},"schema":{"@context":"https:\/\/schema.org","@graph":[{"@type":"WebPage","@id":"https:\/\/kartinglanzarote.com\/es\/donde-estamos-2","url":"https:\/\/kartinglanzarote.com\/es\/donde-estamos-2","name":"Donde estamos","isPartOf":{"@id":"https:\/\/kartinglanzarote.com\/es#website"},"datePublished":"2023-06-02T19:14:59+00:00","dateModified":"2023-07-12T17:47:34+00:00","breadcrumb":{"@id":"https:\/\/kartinglanzarote.com\/es\/donde-estamos-2#breadcrumb"},"inLanguage":"es","potentialAction":[{"@type":"ReadAction","target":["https:\/\/kartinglanzarote.com\/es\/donde-estamos-2"]}]},{"@type":"BreadcrumbList","@id":"https:\/\/kartinglanzarote.com\/es\/donde-estamos-2#breadcrumb","itemListElement":[{"@type":"ListItem","position":1,"name":"Home","item":"https:\/\/kartinglanzarote.com\/es"},{"@type":"ListItem","position":2,"name":"Donde estamos"}]},{"@type":"WebSite","@id":"https:\/\/kartinglanzarote.com\/es#website","url":"https:\/\/kartinglanzarote.com\/es","name":"Karting Lanzarote","description":"","publisher":{"@id":"https:\/\/kartinglanzarote.com\/es#organization"},"potentialAction":[{"@type":"SearchAction","target":{"@type":"EntryPoint","urlTemplate":"https:\/\/kartinglanzarote.com\/es?s={search_term_string}"},"query-input":{"@type":"PropertyValueSpecification","valueRequired":true,"valueName":"search_term_string"}}],"inLanguage":"es"},{"@type":"Organization","@id":"https:\/\/kartinglanzarote.com\/es#organization","name":"Karting Lanzarote","url":"https:\/\/kartinglanzarote.com\/es","logo":{"@type":"ImageObject","inLanguage":"es","@id":"https:\/\/kartinglanzarote.com\/es#\/schema\/logo\/image\/","url":"https:\/\/kartinglanzarote.com\/wp-content\/uploads\/2023\/07\/9012abf9-5b44-47f9-8865-29e2c5fcf5dd.jpg","contentUrl":"https:\/\/kartinglanzarote.com\/wp-content\/uploads\/2023\/07\/9012abf9-5b44-47f9-8865-29e2c5fcf5dd.jpg","width":898,"height":505,"caption":"Karting Lanzarote"},"image":{"@id":"https:\/\/kartinglanzarote.com\/es#\/schema\/logo\/image\/"}}]}},"_links":{"self":[{"href":"https:\/\/kartinglanzarote.com\/es\/wp-json\/wp\/v2\/pages\/190","targetHints":{"allow":["GET"]}}],"collection":[{"href":"https:\/\/kartinglanzarote.com\/es\/wp-json\/wp\/v2\/pages"}],"about":[{"href":"https:\/\/kartinglanzarote.com\/es\/wp-json\/wp\/v2\/types\/page"}],"author":[{"embeddable":true,"href":"https:\/\/kartinglanzarote.com\/es\/wp-json\/wp\/v2\/users\/1"}],"replies":[{"embeddable":true,"href":"https:\/\/kartinglanzarote.com\/es\/wp-json\/wp\/v2\/comments?post=190"}],"version-history":[{"count":19,"href":"https:\/\/kartinglanzarote.com\/es\/wp-json\/wp\/v2\/pages\/190\/revisions"}],"predecessor-version":[{"id":844,"href":"https:\/\/kartinglanzarote.com\/es\/wp-json\/wp\/v2\/pages\/190\/revisions\/844"}],"wp:attachment":[{"href":"https:\/\/kartinglanzarote.com\/es\/wp-json\/wp\/v2\/media?parent=190"}],"curies":[{"name":"wp","href":"https:\/\/api.w.org\/{rel}","templated":true}]}}