{"id":501,"date":"2023-06-22T19:06:07","date_gmt":"2023-06-22T19:06:07","guid":{"rendered":"https:\/\/karting.hangar37.es\/?page_id=501"},"modified":"2023-06-22T19:25:38","modified_gmt":"2023-06-22T19:25:38","slug":"sus-datos-seguros","status":"publish","type":"page","link":"https:\/\/kartinglanzarote.com\/es\/sus-datos-seguros","title":{"rendered":"Sus datos seguros"},"content":{"rendered":"\n\n\t<section class=\"section has-parallax\" id=\"section_613233350\">\n\t\t<div class=\"section-bg fill\" data-parallax-container=\".section\" data-parallax-background data-parallax=\"-10\">\n\t\t\t<img loading=\"lazy\" decoding=\"async\" width=\"2000\" height=\"2000\" src=\"https:\/\/kartinglanzarote.com\/wp-content\/uploads\/2023\/05\/FONDO-WEB-2000px.jpg\" class=\"bg attachment- size-\" alt=\"\" \/>\t\t\t\t\t\t\n\t\t\t\n\n\t\t<\/div>\n\n\t\t\n\n\t\t<div class=\"section-content relative\">\n\t\t\t\n\n<div class=\"row\"  id=\"row-1411564951\">\n\n\n\t<div id=\"col-2080530435\" class=\"col small-12 large-12\"  >\n\t\t\t\t<div class=\"col-inner\"  >\n\t\t\t\n\t\t\t\n\n<h1 style=\"text-align: center;\">SUS DATOS SEGUROS<\/h1>\n<div>\u00a0<\/div>\n<div>Informaci\u00f3n en cumplimiento de la normativa de protecci\u00f3n de\u00a0datos personales.<\/div>\n<div>\u00a0<\/div>\n<div>En Europa y en Espa\u00f1a existen normas de protecci\u00f3n de datos pensadas para proteger su\u00a0informaci\u00f3n personal\u00a0de obligado\u00a0cumplimiento para\u00a0nuestra entidad.<\/div>\n<div>Por ello, es muy importante para nosotros que entienda perfectamente qu\u00e9 vamos a hacer con\u00a0los datos personales que le pedimos.<\/div>\n<div>As\u00ed, seremos transparentes y le daremos el control de sus datos, con un lenguaje sencillo y\u00a0opciones claras que le permitir\u00e1n decidir qu\u00e9 haremos con su informaci\u00f3n personal.<\/div>\n<div>Por favor, si una vez le\u00edda la presente informaci\u00f3n le queda alguna duda, no dude en\u00a0preguntarnos.<\/div>\n<div>Muchas gracias por su colaboraci\u00f3n.<\/div>\n<div>\u00a0<\/div>\n<div>\u00bfQui\u00e9nes somos?<\/div>\n<div>\u00a0<\/div>\n<div>o Nuestra denominaci\u00f3n: <span class=\"WdYUQQ text-decoration-none text-strikethrough-none\">Gran Karting Club Lanzarote S.L.<\/span><\/div>\n<div>o Nuestro CIF \/ NIF: <span class=\"WdYUQQ text-decoration-none text-strikethrough-none\">B35417252<\/span><\/div>\n<div>o Nuestra actividad principal: Karting<\/div>\n<div>o Nuestra direcci\u00f3n: <span class=\"WdYUQQ text-decoration-none text-strikethrough-none\">Autov\u00eda Arrecife-Yaiza Km 7, La Rinconada Tias 35510<\/span><\/div>\n<div>o Nuestro tel\u00e9fono de contacto: 673139101<\/div>\n<div>o Nuestra direcci\u00f3n de correo electr\u00f3nico de contacto: info@kartinglanzarote.com<\/div>\n<div>o Nuestra p\u00e1gina web: www.kartinglanzarote.com<\/div>\n<div>\u00a0<\/div>\n<div>Estamos a su disposici\u00f3n, no dude en contactar con nosotros.<\/div>\n<div>\u00a0<\/div>\n<div>\u00bfPara qu\u00e9 vamos a usar sus datos?<\/div>\n<div>\u00a0<\/div>\n<div>Con car\u00e1cter general, sus datos personales ser\u00e1n usados para poder relacionarnos con\u00a0usted y poder prestarle nuestros servicios.<\/div>\n<div>Asimismo, tambi\u00e9n pueden ser usados para otras actividades, como enviarle publicidad o\u00a0promocionar nuestras actividades.<\/div>\n<div>\u00a0<\/div>\n<div>\u00bfPor qu\u00e9 necesitamos usar sus datos?<\/div>\n<div>\u00a0<\/div>\n<div>Sus datos personales son necesarios para poder relacionarnos con usted y poder prestarle\u00a0nuestros servicios. En este sentido, pondremos a su disposici\u00f3n una serie de casillas que le\u00a0permitir\u00e1n decidir de manera clara y sencilla sobre el uso de su informaci\u00f3n personal.<\/div>\n<div>\u00a0<\/div>\n<div>\u00bfQui\u00e9n va a conocer la informaci\u00f3n que le pedimos?<\/div>\n<div>\u00a0<\/div>\n<div>Con car\u00e1cter general,\u00a0s\u00f3lo el personal de\u00a0nuestra entidad que\u00a0est\u00e9 debidamente autorizado podr\u00e1 tener conocimiento de la informaci\u00f3n que le pedimos.<\/div>\n<div>De igual modo, podr\u00e1n tener conocimiento de su informaci\u00f3n personal aquellas entidades\u00a0que necesiten tener acceso a la misma para que podamos prestarle nuestros servicios. As\u00ed\u00a0por ejemplo, nuestro banco conocer\u00e1 sus datos si el pago de nuestros servicios se realiza\u00a0mediante tarjeta o transferencia bancaria.<\/div>\n<div>Asimismo, tendr\u00e1n conocimiento de su informaci\u00f3n aquellas entidades p\u00fablicas o privadas\u00a0a las cuales estemos obligados a facilitar sus datos personales con motivo del\u00a0cumplimiento de alguna ley. Poni\u00e9ndole un ejemplo, la Ley Tributaria obliga a facilitar a la\u00a0Agencia Tributaria determinada informaci\u00f3n sobre operaciones econ\u00f3micas que superen\u00a0una determinada cantidad.<\/div>\n<div>En el caso de que, al margen de los supuestos comentados, necesitemos dar a conocer su\u00a0informaci\u00f3n personal a otras entidades, le solicitaremos previamente su permiso a trav\u00e9s\u00a0de opciones claras que le permitir\u00e1n decidir a este respecto.<\/div>\n<div>\u00a0<\/div>\n<div>\u00bfC\u00f3mo vamos a proteger sus datos?<\/div>\n<div>\u00a0<\/div>\n<div>Protegeremos sus datos con medidas de seguridad eficaces en funci\u00f3n de los riesgos que\u00a0conlleve el uso de su informaci\u00f3n.<\/div>\n<div>Para ello, nuestra entidad ha aprobado una Pol\u00edtica de Protecci\u00f3n de Datos y se realizan\u00a0controles y auditor\u00edas anuales para verificar que sus datos personales est\u00e1n seguros en\u00a0todo momento.<\/div>\n<div>\u00a0<\/div>\n<div>\u00bfEnviaremos sus datos a otros pa\u00edses?<\/div>\n<div>\u00a0<\/div>\n<div>En el mundo hay pa\u00edses que son seguros para sus datos y otros que no lo son tanto. As\u00ed por\u00a0ejemplo, la Uni\u00f3n Europea es un entorno seguro para sus datos. Nuestra pol\u00edtica es no\u00a0enviar su informaci\u00f3n personal a ning\u00fan pa\u00eds que no sea seguro desde el punto de vista de\u00a0la protecci\u00f3n de sus datos.<\/div>\n<div>En el caso de que, con motivo de prestarle el servicio, sea imprescindible enviar sus datos a\u00a0un pa\u00eds que no sea tan seguro como Espa\u00f1a, siempre le solicitaremos previamente su\u00a0permiso y aplicaremos medidas de seguridad eficaces que reduzcan los riesgos del env\u00edo\u00a0de su informaci\u00f3n personal a otro pa\u00eds.<\/div>\n<div>\u00a0<\/div>\n<div>\u00bfDurante cu\u00e1nto tiempo vamos a conservar sus datos?<\/div>\n<div>\u00a0<\/div>\n<div>Conservaremos sus datos durante nuestra relaci\u00f3n y mientras nos obliguen las leyes. Una\u00a0vez finalizados los plazos legales aplicables, procederemos a eliminarlos de forma segura y\u00a0respetuosa con el medio ambiente.<\/div>\n<div>\u00a0<\/div>\n<div>\u00bfCu\u00e1les son sus derechos de protecci\u00f3n de datos?<\/div>\n<div>\u00a0<\/div>\n<div>En cualquier momento puede dirigirse a nosotros para saber qu\u00e9 informaci\u00f3n tenemos\u00a0sobre usted, rectificarla si fuese incorrecta y eliminarla una vez finalizada nuestra relaci\u00f3n,\u00a0en el caso de que ello sea legalmente posible.<\/div>\n<div>\u00a0<\/div>\n<div>Tambi\u00e9n tiene\u00a0derecho a solicitar el\u00a0traspaso de su\u00a0informaci\u00f3n a otra entidad. Este derecho se llama \u201cportabilidad\u201d y puede ser \u00fatil en\u00a0determinadas situaciones.<\/div>\n<div>Para solicitar alguno de estos derechos, deber\u00e1 realizar una solicitud escrita a nuestra\u00a0direcci\u00f3n, junto con una fotocopia de su DNI, para poder identificarle.<\/div>\n<div>En las oficinas de nuestra entidad disponemos de formularios espec\u00edficos para solicitar\u00a0dichos derechos y le ofrecemos nuestra ayuda para su cumplimentaci\u00f3n.<\/div>\n<div>Para saber m\u00e1s sobre sus derechos de protecci\u00f3n de datos, puede consultar la p\u00e1gina web\u00a0de la Agencia Espa\u00f1ola de Protecci\u00f3n de Datos (www.agpd.es).<\/div>\n<div>\u00a0<\/div>\n<div>\u00bfPuede retirar su consentimiento si cambia de opini\u00f3n en un momento posterior?<\/div>\n<div>\u00a0<\/div>\n<div>Usted puede retirar su consentimiento si cambia de opini\u00f3n sobre el uso de sus datos en\u00a0cualquier momento.<\/div>\n<div>As\u00ed por ejemplo, si usted en su d\u00eda estuvo interesado\/a en recibir publicidad de nuestros\u00a0productos o servicios, pero ya no desea recibir m\u00e1s publicidad, puede hac\u00e9rnoslo constar a\u00a0trav\u00e9s del formulario de oposici\u00f3n al tratamiento disponible en las oficinas de nuestra\u00a0entidad.<\/div>\n<div>\u00a0<\/div>\n<div>En caso de que entienda que sus derechos han sido desatendidos, \u00bfd\u00f3nde puede\u00a0formular una reclamaci\u00f3n?<\/div>\n<div>\u00a0<\/div>\n<div>En caso de que entienda que sus derechos han sido desatendidos por nuestra entidad,\u00a0puede formular una reclamaci\u00f3n en la Agencia Espa\u00f1ola de Protecci\u00f3n de Datos, a trav\u00e9s\u00a0de alguno de los medios siguientes:<\/div>\n<div>\u00a0<\/div>\n<div>o Sede electr\u00f3nica: www.agpd.es<\/div>\n<div>o Direcci\u00f3n postal:<\/div>\n<div>Agencia Espa\u00f1ola de Protecci\u00f3n de Datos<\/div>\n<div>C\/ Jorge Juan, 6<\/div>\n<div>28001-Madrid<\/div>\n<div>o V\u00eda telef\u00f3nica:<\/div>\n<div>Telf. 901 100 099<\/div>\n<div>Telf. 91 266 35 17<\/div>\n<div>Formular una reclamaci\u00f3n en la Agencia Espa\u00f1ola de Protecci\u00f3n de Datos no conlleva\u00a0ning\u00fan coste y no es necesaria la asistencia de abogado ni procurador.<\/div>\n<div>\u00a0<\/div>\n<div>\u00bfElaboraremos perfiles sobre usted?<\/div>\n<div>\u00a0<\/div>\n<div>Nuestra pol\u00edtica es no elaborar perfiles sobre los usuarios de nuestros servicios.<\/div>\n<div>No obstante, pueden existir situaciones en las que, con fines de prestaci\u00f3n del servicio,\u00a0comerciales o de otro tipo, necesitemos elaborar perfiles de informaci\u00f3n sobre usted. Un\u00a0ejemplo pudiera ser la utilizaci\u00f3n de su historial de compras o servicios para poder\u00a0ofrecerle productos o servicios adaptados a sus gustos o necesidades.<\/div>\n<div>\u00a0<\/div>\n<div>En tal caso,\u00a0aplicaremos medidas\u00a0de seguridad eficaces\u00a0que protejan su informaci\u00f3n en todo momento de personas no autorizadas que pretendan<\/div>\n<div>utilizarla en su propio beneficio.<\/div>\n<div>\u00a0<\/div>\n<div>\u00bfUsaremos sus datos para otros fines?<\/div>\n<div>\u00a0<\/div>\n<div>Nuestra pol\u00edtica es no usar sus datos para otras finalidades distintas a las que le hemos\u00a0explicado. Si, no obstante, necesit\u00e1semos usar sus datos para actividades distintas,\u00a0siempre le solicitaremos previamente su permiso a trav\u00e9s de opciones claras que le\u00a0permitir\u00e1n decidir al respecto.<\/div>\n\n\t\t<\/div>\n\t\t\t\t\t<\/div>\n\n\t\n\n<\/div>\n\n\t\t<\/div>\n\n\t\t\n<style>\n#section_613233350 {\n  padding-top: 60px;\n  padding-bottom: 60px;\n}\n<\/style>\n\t<\/section>\n\t\n\n","protected":false},"excerpt":{"rendered":"","protected":false},"author":1,"featured_media":0,"parent":0,"menu_order":0,"comment_status":"closed","ping_status":"closed","template":"page-blank.php","meta":{"footnotes":""},"class_list":["post-501","page","type-page","status-publish","hentry"],"yoast_head":"<!-- This site is optimized with the Yoast SEO plugin v27.3 - https:\/\/yoast.com\/product\/yoast-seo-wordpress\/ -->\n<title>Sus datos seguros - Karting Lanzarote<\/title>\n<meta name=\"robots\" content=\"index, follow, max-snippet:-1, max-image-preview:large, max-video-preview:-1\" \/>\n<link rel=\"canonical\" href=\"https:\/\/kartinglanzarote.com\/es\/sus-datos-seguros\" \/>\n<meta property=\"og:locale\" content=\"es_ES\" \/>\n<meta property=\"og:type\" content=\"article\" \/>\n<meta property=\"og:title\" content=\"Sus datos seguros - Karting Lanzarote\" \/>\n<meta property=\"og:url\" content=\"https:\/\/kartinglanzarote.com\/es\/sus-datos-seguros\" \/>\n<meta property=\"og:site_name\" content=\"Karting Lanzarote\" \/>\n<meta property=\"article:modified_time\" content=\"2023-06-22T19:25:38+00:00\" \/>\n<meta name=\"twitter:card\" content=\"summary_large_image\" \/>\n<meta name=\"twitter:label1\" content=\"Tiempo de lectura\" \/>\n\t<meta name=\"twitter:data1\" content=\"6 minutos\" \/>\n<script type=\"application\/ld+json\" class=\"yoast-schema-graph\">{\"@context\":\"https:\\\/\\\/schema.org\",\"@graph\":[{\"@type\":\"WebPage\",\"@id\":\"https:\\\/\\\/kartinglanzarote.com\\\/es\\\/sus-datos-seguros\",\"url\":\"https:\\\/\\\/kartinglanzarote.com\\\/es\\\/sus-datos-seguros\",\"name\":\"Sus datos seguros - Karting Lanzarote\",\"isPartOf\":{\"@id\":\"https:\\\/\\\/kartinglanzarote.com\\\/es#website\"},\"datePublished\":\"2023-06-22T19:06:07+00:00\",\"dateModified\":\"2023-06-22T19:25:38+00:00\",\"breadcrumb\":{\"@id\":\"https:\\\/\\\/kartinglanzarote.com\\\/es\\\/sus-datos-seguros#breadcrumb\"},\"inLanguage\":\"es\",\"potentialAction\":[{\"@type\":\"ReadAction\",\"target\":[\"https:\\\/\\\/kartinglanzarote.com\\\/es\\\/sus-datos-seguros\"]}]},{\"@type\":\"BreadcrumbList\",\"@id\":\"https:\\\/\\\/kartinglanzarote.com\\\/es\\\/sus-datos-seguros#breadcrumb\",\"itemListElement\":[{\"@type\":\"ListItem\",\"position\":1,\"name\":\"Home\",\"item\":\"https:\\\/\\\/kartinglanzarote.com\\\/es\"},{\"@type\":\"ListItem\",\"position\":2,\"name\":\"Sus datos seguros\"}]},{\"@type\":\"WebSite\",\"@id\":\"https:\\\/\\\/kartinglanzarote.com\\\/es#website\",\"url\":\"https:\\\/\\\/kartinglanzarote.com\\\/es\",\"name\":\"Karting Lanzarote\",\"description\":\"\",\"publisher\":{\"@id\":\"https:\\\/\\\/kartinglanzarote.com\\\/es#organization\"},\"potentialAction\":[{\"@type\":\"SearchAction\",\"target\":{\"@type\":\"EntryPoint\",\"urlTemplate\":\"https:\\\/\\\/kartinglanzarote.com\\\/es?s={search_term_string}\"},\"query-input\":{\"@type\":\"PropertyValueSpecification\",\"valueRequired\":true,\"valueName\":\"search_term_string\"}}],\"inLanguage\":\"es\"},{\"@type\":\"Organization\",\"@id\":\"https:\\\/\\\/kartinglanzarote.com\\\/es#organization\",\"name\":\"Karting Lanzarote\",\"url\":\"https:\\\/\\\/kartinglanzarote.com\\\/es\",\"logo\":{\"@type\":\"ImageObject\",\"inLanguage\":\"es\",\"@id\":\"https:\\\/\\\/kartinglanzarote.com\\\/es#\\\/schema\\\/logo\\\/image\\\/\",\"url\":\"https:\\\/\\\/kartinglanzarote.com\\\/wp-content\\\/uploads\\\/2023\\\/07\\\/9012abf9-5b44-47f9-8865-29e2c5fcf5dd.jpg\",\"contentUrl\":\"https:\\\/\\\/kartinglanzarote.com\\\/wp-content\\\/uploads\\\/2023\\\/07\\\/9012abf9-5b44-47f9-8865-29e2c5fcf5dd.jpg\",\"width\":898,\"height\":505,\"caption\":\"Karting Lanzarote\"},\"image\":{\"@id\":\"https:\\\/\\\/kartinglanzarote.com\\\/es#\\\/schema\\\/logo\\\/image\\\/\"}}]}<\/script>\n<!-- \/ Yoast SEO plugin. -->","yoast_head_json":{"title":"Sus datos seguros - Karting Lanzarote","robots":{"index":"index","follow":"follow","max-snippet":"max-snippet:-1","max-image-preview":"max-image-preview:large","max-video-preview":"max-video-preview:-1"},"canonical":"https:\/\/kartinglanzarote.com\/es\/sus-datos-seguros","og_locale":"es_ES","og_type":"article","og_title":"Sus datos seguros - Karting Lanzarote","og_url":"https:\/\/kartinglanzarote.com\/es\/sus-datos-seguros","og_site_name":"Karting Lanzarote","article_modified_time":"2023-06-22T19:25:38+00:00","twitter_card":"summary_large_image","twitter_misc":{"Tiempo de lectura":"6 minutos"},"schema":{"@context":"https:\/\/schema.org","@graph":[{"@type":"WebPage","@id":"https:\/\/kartinglanzarote.com\/es\/sus-datos-seguros","url":"https:\/\/kartinglanzarote.com\/es\/sus-datos-seguros","name":"Sus datos seguros - Karting Lanzarote","isPartOf":{"@id":"https:\/\/kartinglanzarote.com\/es#website"},"datePublished":"2023-06-22T19:06:07+00:00","dateModified":"2023-06-22T19:25:38+00:00","breadcrumb":{"@id":"https:\/\/kartinglanzarote.com\/es\/sus-datos-seguros#breadcrumb"},"inLanguage":"es","potentialAction":[{"@type":"ReadAction","target":["https:\/\/kartinglanzarote.com\/es\/sus-datos-seguros"]}]},{"@type":"BreadcrumbList","@id":"https:\/\/kartinglanzarote.com\/es\/sus-datos-seguros#breadcrumb","itemListElement":[{"@type":"ListItem","position":1,"name":"Home","item":"https:\/\/kartinglanzarote.com\/es"},{"@type":"ListItem","position":2,"name":"Sus datos seguros"}]},{"@type":"WebSite","@id":"https:\/\/kartinglanzarote.com\/es#website","url":"https:\/\/kartinglanzarote.com\/es","name":"Karting Lanzarote","description":"","publisher":{"@id":"https:\/\/kartinglanzarote.com\/es#organization"},"potentialAction":[{"@type":"SearchAction","target":{"@type":"EntryPoint","urlTemplate":"https:\/\/kartinglanzarote.com\/es?s={search_term_string}"},"query-input":{"@type":"PropertyValueSpecification","valueRequired":true,"valueName":"search_term_string"}}],"inLanguage":"es"},{"@type":"Organization","@id":"https:\/\/kartinglanzarote.com\/es#organization","name":"Karting Lanzarote","url":"https:\/\/kartinglanzarote.com\/es","logo":{"@type":"ImageObject","inLanguage":"es","@id":"https:\/\/kartinglanzarote.com\/es#\/schema\/logo\/image\/","url":"https:\/\/kartinglanzarote.com\/wp-content\/uploads\/2023\/07\/9012abf9-5b44-47f9-8865-29e2c5fcf5dd.jpg","contentUrl":"https:\/\/kartinglanzarote.com\/wp-content\/uploads\/2023\/07\/9012abf9-5b44-47f9-8865-29e2c5fcf5dd.jpg","width":898,"height":505,"caption":"Karting Lanzarote"},"image":{"@id":"https:\/\/kartinglanzarote.com\/es#\/schema\/logo\/image\/"}}]}},"_links":{"self":[{"href":"https:\/\/kartinglanzarote.com\/es\/wp-json\/wp\/v2\/pages\/501","targetHints":{"allow":["GET"]}}],"collection":[{"href":"https:\/\/kartinglanzarote.com\/es\/wp-json\/wp\/v2\/pages"}],"about":[{"href":"https:\/\/kartinglanzarote.com\/es\/wp-json\/wp\/v2\/types\/page"}],"author":[{"embeddable":true,"href":"https:\/\/kartinglanzarote.com\/es\/wp-json\/wp\/v2\/users\/1"}],"replies":[{"embeddable":true,"href":"https:\/\/kartinglanzarote.com\/es\/wp-json\/wp\/v2\/comments?post=501"}],"version-history":[{"count":2,"href":"https:\/\/kartinglanzarote.com\/es\/wp-json\/wp\/v2\/pages\/501\/revisions"}],"predecessor-version":[{"id":513,"href":"https:\/\/kartinglanzarote.com\/es\/wp-json\/wp\/v2\/pages\/501\/revisions\/513"}],"wp:attachment":[{"href":"https:\/\/kartinglanzarote.com\/es\/wp-json\/wp\/v2\/media?parent=501"}],"curies":[{"name":"wp","href":"https:\/\/api.w.org\/{rel}","templated":true}]}}