{"id":8,"date":"2023-05-04T16:56:12","date_gmt":"2023-05-04T16:56:12","guid":{"rendered":"https:\/\/karting.hangar37.es\/?page_id=8"},"modified":"2023-07-31T14:02:01","modified_gmt":"2023-07-31T14:02:01","slug":"inicio","status":"publish","type":"page","link":"https:\/\/kartinglanzarote.com\/es","title":{"rendered":"Inicio"},"content":{"rendered":"\n\n\n\t\t\t<!-- START Home video REVOLUTION SLIDER 6.7.40 --><p class=\"rs-p-wp-fix\"><\/p>\n\t\t\t<rs-module-wrap id=\"rev_slider_12_1_wrapper\" data-source=\"gallery\" style=\"visibility:hidden;background:transparent;padding:0;margin:0px auto;margin-top:0;margin-bottom:0;\">\n\t\t\t\t<rs-module id=\"rev_slider_12_1\" style=\"\" data-version=\"6.7.40\">\n\t\t\t\t\t<rs-slides style=\"overflow: hidden; position: absolute;\">\n\t\t\t\t\t\t<rs-slide style=\"position: absolute;\" data-key=\"rs-25\" data-title=\"Intro\" data-anim=\"ms:3000;\" data-in=\"o:-0.5;sx:1.6;sy:1.6;e:power3.inOut;\" data-out=\"o:0;sx:0.6;sy:0.6;e:power3.inOut;\">\n\t\t\t\t\t\t\t<img decoding=\"async\" src=\"\/\/kartinglanzarote.com\/wp-content\/plugins\/revslider\/sr6\/assets\/assets\/dummy.png\" alt=\"\" title=\"videocover.jpg\" width=\"1920\" height=\"960\" class=\"rev-slidebg tp-rs-img rs-lazyload\" data-lazyload=\"\/\/img.youtube.com\/vi\/d2w9gIB4yO0\/sddefault.jpg\" data-parallax=\"10\" data-no-retina>\n\t\t\t\t\t\t\t<rs-bgvideo \n\t\t\t\t\t\t\t\tdata-video=\"vc:none;w:100%;h:100%;nse:false;l:loop;ptimer:true;\"\n\t\t\t\t\t\t\t\tdata-ytid=\"d2w9gIB4yO0\"\n\t\t\t\t\t\t\t\tdata-vatr=\"version=3&amp;enablejsapi=1&amp;html5=1&amp;hd=1&amp;wmode=opaque&amp;showinfo=0&amp;rel=0&amp;origin=https:\/\/kartinglanzarote.com;\"\n\t\t\t\t\t\t\t><\/rs-bgvideo>\n<!--\n\t\t\t\t\t\t\t--><rs-layer\n\t\t\t\t\t\t\t\tid=\"slider-12-slide-25-layer-10\" \n\t\t\t\t\t\t\t\tclass=\"tp-shape tp-shapewrapper\"\n\t\t\t\t\t\t\t\tdata-type=\"shape\"\n\t\t\t\t\t\t\t\tdata-xy=\"x:c;y:m;\"\n\t\t\t\t\t\t\t\tdata-text=\"fw:800;\"\n\t\t\t\t\t\t\t\tdata-dim=\"w:100%;h:100%;\"\n\t\t\t\t\t\t\t\tdata-basealign=\"slide\"\n\t\t\t\t\t\t\t\tdata-rsp_bd=\"off\"\n\t\t\t\t\t\t\t\tdata-frame_1=\"st:750;sp:1500;\"\n\t\t\t\t\t\t\t\tdata-frame_999=\"e:nothing;st:w;\"\n\t\t\t\t\t\t\t\tstyle=\"z-index:5;background-color:rgba(0,0,0,0.25);\"\n\t\t\t\t\t\t\t> \n\t\t\t\t\t\t\t<\/rs-layer><!--\n-->\t\t\t\t\t<\/rs-slide>\n\t\t\t\t\t<\/rs-slides>\n\t\t\t\t<\/rs-module>\n\t\t\t\t<script>\n\t\t\t\t\tsetREVStartSize({c: 'rev_slider_12_1',rl:[1240,1024,778,480],el:[850,500,400,270],gw:[2000,2000,778,480],gh:[850,850,400,270],type:'standard',justify:'',layout:'fullwidth',mh:\"0\"});if (window.RS_MODULES!==undefined && window.RS_MODULES.modules!==undefined && window.RS_MODULES.modules[\"revslider121\"]!==undefined) {window.RS_MODULES.modules[\"revslider121\"].once = false;window.revapi12 = undefined;if (window.RS_MODULES.checkMinimal!==undefined) window.RS_MODULES.checkMinimal()}\n\t\t\t\t<\/script>\n\t\t\t<\/rs-module-wrap>\n\t\t\t<!-- END REVOLUTION SLIDER -->\n\n\n\t<div class=\"img has-hover hide-for-small x md-x lg-x y md-y lg-y\" id=\"image_1730656891\">\n\t\t\t\t\t\t\t\t<div class=\"img-inner dark\" >\n\t\t\t<img loading=\"lazy\" decoding=\"async\" width=\"1284\" height=\"32\" src=\"https:\/\/kartinglanzarote.com\/wp-content\/uploads\/2023\/05\/WEB-LINE.jpg\" class=\"attachment-1536x1536 size-1536x1536\" alt=\"\" srcset=\"https:\/\/kartinglanzarote.com\/wp-content\/uploads\/2023\/05\/WEB-LINE.jpg 1284w, https:\/\/kartinglanzarote.com\/wp-content\/uploads\/2023\/05\/WEB-LINE-300x7.jpg 300w, https:\/\/kartinglanzarote.com\/wp-content\/uploads\/2023\/05\/WEB-LINE-1024x26.jpg 1024w, https:\/\/kartinglanzarote.com\/wp-content\/uploads\/2023\/05\/WEB-LINE-768x19.jpg 768w\" sizes=\"auto, (max-width: 1284px) 100vw, 1284px\" \/>\t\t\t\t\t\t\n\t\t\t\t\t<\/div>\n\t\t\t\t\t\t\t\t\n<style>\n#image_1730656891 {\n  width: 100%;\n}\n<\/style>\n\t<\/div>\n\t\n\n\t<section class=\"section show-for-small\" id=\"section_1834329450\">\n\t\t<div class=\"section-bg fill\" >\n\t\t\t\t\t\t\t\t\t\n\t\t\t\n\n\t\t<\/div>\n\n\t\t\n\n\t\t<div class=\"section-content relative\">\n\t\t\t\n\t<div id=\"text-4155604823\" class=\"text show-for-small\">\n\t\t\n\n\t\t\t<!-- START barra REVOLUTION SLIDER 6.7.40 --><p class=\"rs-p-wp-fix\"><\/p>\n\t\t\t<rs-module-wrap id=\"rev_slider_10_2_wrapper\" data-source=\"gallery\" style=\"visibility:hidden;background:transparent;padding:0;margin:0px auto;margin-top:0;margin-bottom:0;\">\n\t\t\t\t<rs-module id=\"rev_slider_10_2\" style=\"\" data-version=\"6.7.40\">\n\t\t\t\t\t<rs-slides style=\"overflow: hidden; position: absolute;\">\n\t\t\t\t\t\t<rs-slide style=\"position: absolute;\" data-key=\"rs-23\" data-title=\"Slide\" data-anim=\"ms:10;\" data-in=\"o:1;\" data-out=\"a:false;\">\n\t\t\t\t\t\t\t<img decoding=\"async\" src=\"\/\/kartinglanzarote.com\/wp-content\/plugins\/revslider\/sr6\/assets\/assets\/dummy.png\" alt=\"\" title=\"LINE MOVIL 2\" width=\"1131\" height=\"47\" class=\"rev-slidebg tp-rs-img rs-lazyload\" data-lazyload=\"\/\/kartinglanzarote.com\/wp-content\/uploads\/2023\/06\/LINE-MOVIL-2.png\" data-parallax=\"off\" data-no-retina>\n<!---->\t\t\t\t\t<\/rs-slide>\n\t\t\t\t\t<\/rs-slides>\n\t\t\t\t<\/rs-module>\n\t\t\t\t<script>\n\t\t\t\t\tsetREVStartSize({c: 'rev_slider_10_2',rl:[1240,1024,778,480],el:[57,30,30,57],gw:[1905,1905,1905,780],gh:[57,57,57,57],type:'hero',justify:'',layout:'fullwidth',mh:\"0\"});if (window.RS_MODULES!==undefined && window.RS_MODULES.modules!==undefined && window.RS_MODULES.modules[\"revslider102\"]!==undefined) {window.RS_MODULES.modules[\"revslider102\"].once = false;window.revapi10 = undefined;if (window.RS_MODULES.checkMinimal!==undefined) window.RS_MODULES.checkMinimal()}\n\t\t\t\t<\/script>\n\t\t\t<\/rs-module-wrap>\n\t\t\t<!-- END REVOLUTION SLIDER -->\n\n\t\t\t<\/div>\n\t\n\t\t<\/div>\n\n\t\t\n<style>\n#section_1834329450 {\n  padding-top: 0px;\n  padding-bottom: 0px;\n}\n<\/style>\n\t<\/section>\n\t\n\n\t<section class=\"section\" id=\"section_1972630004\">\n\t\t<div class=\"section-bg fill\" >\n\t\t\t<img loading=\"lazy\" decoding=\"async\" width=\"2000\" height=\"2000\" src=\"https:\/\/kartinglanzarote.com\/wp-content\/uploads\/2023\/05\/FONDO-WEB-2000px.jpg\" class=\"bg attachment- size-\" alt=\"\" \/>\t\t\t\t\t\t\n\t\t\t\n\n\t\t<\/div>\n\n\t\t\n\n\t\t<div class=\"section-content relative\">\n\t\t\t\n<div class=\"row row-full-width align-center\"  id=\"row-782391358\">\n\n\t<div id=\"col-189012691\" class=\"col medium-9 small-12 large-9\"  >\n\t\t\t\t<div class=\"col-inner\"  >\n\t\t\t\n\t\t\t\n<h2 style=\"text-align: center;\"><b>\u00a1VIVE LA EMOCI\u00d3N DEL KARTING EN LA MEJOR PISTA DE ESPA\u00d1A! DESCUBRE EL GRAN KARTING LANZAROTE, DONDE LA VELOCIDAD Y LA DIVERSI\u00d3N SE UNEN EN UN CIRCUITO \u00daNICO. <\/br>\u00a1ATR\u00c9VETE A DESAFIAR LOS L\u00cdMITES Y SENTIR LA ADRENALINA EN CADA CURVA!<\/b><\/h2>\n\t<div id=\"gap-1456413708\" class=\"gap-element clearfix\" style=\"display:block; height:auto;\">\n\t\t\n<style>\n#gap-1456413708 {\n  padding-top: 30px;\n}\n<\/style>\n\t<\/div>\n\t\n\t\t<\/div>\n\t\t\t\t\t<\/div>\n\n\t\n<\/div>\n<div class=\"row row-collapse row-full-width align-center\"  id=\"row-360400310\">\n\n\t<div id=\"col-843949410\" class=\"col medium-3 small-12 large-3\"  >\n\t\t\t\t<div class=\"col-inner\"  >\n\t\t\t\n\t\t\t\n\t<div class=\"img has-hover x md-x lg-x y md-y lg-y\" id=\"image_15147340\">\n\t\t<a class=\"\" href=\"https:\/\/kartinglanzarote.com\/es\/kart\" >\t\t\t\t\t\t<div class=\"img-inner dark\" >\n\t\t\t<img loading=\"lazy\" decoding=\"async\" width=\"768\" height=\"575\" src=\"https:\/\/kartinglanzarote.com\/wp-content\/uploads\/2023\/06\/BOTON-KARTS-2-768x575.png\" class=\"attachment-medium_large size-medium_large\" alt=\"\" srcset=\"https:\/\/kartinglanzarote.com\/wp-content\/uploads\/2023\/06\/BOTON-KARTS-2-768x575.png 768w, https:\/\/kartinglanzarote.com\/wp-content\/uploads\/2023\/06\/BOTON-KARTS-2-300x225.png 300w, https:\/\/kartinglanzarote.com\/wp-content\/uploads\/2023\/06\/BOTON-KARTS-2-1024x767.png 1024w, https:\/\/kartinglanzarote.com\/wp-content\/uploads\/2023\/06\/BOTON-KARTS-2-1536x1150.png 1536w, https:\/\/kartinglanzarote.com\/wp-content\/uploads\/2023\/06\/BOTON-KARTS-2-2048x1533.png 2048w\" sizes=\"auto, (max-width: 768px) 100vw, 768px\" \/>\t\t\t\t\t\t\n\t\t\t\t\t<\/div>\n\t\t\t\t\t\t<\/a>\t\t\n<style>\n#image_15147340 {\n  width: 100%;\n}\n<\/style>\n\t<\/div>\n\t\n\t\t<\/div>\n\t\t\t\t\t<\/div>\n\n\t\n\n\t<div id=\"col-887900867\" class=\"col medium-3 small-12 large-3\"  >\n\t\t\t\t<div class=\"col-inner\"  >\n\t\t\t\n\t\t\t\n\t<div class=\"img has-hover x md-x lg-x y md-y lg-y\" id=\"image_101066086\">\n\t\t<a class=\"\" href=\"https:\/\/kartinglanzarote.com\/es\/circuitos-lanzarote\" >\t\t\t\t\t\t<div class=\"img-inner dark\" >\n\t\t\t<img loading=\"lazy\" decoding=\"async\" width=\"768\" height=\"575\" src=\"https:\/\/kartinglanzarote.com\/wp-content\/uploads\/2023\/06\/BOTON-CIRCUITO-2-768x575.png\" class=\"attachment-medium_large size-medium_large\" alt=\"\" srcset=\"https:\/\/kartinglanzarote.com\/wp-content\/uploads\/2023\/06\/BOTON-CIRCUITO-2-768x575.png 768w, https:\/\/kartinglanzarote.com\/wp-content\/uploads\/2023\/06\/BOTON-CIRCUITO-2-300x225.png 300w, https:\/\/kartinglanzarote.com\/wp-content\/uploads\/2023\/06\/BOTON-CIRCUITO-2-1024x767.png 1024w, https:\/\/kartinglanzarote.com\/wp-content\/uploads\/2023\/06\/BOTON-CIRCUITO-2-1536x1150.png 1536w, https:\/\/kartinglanzarote.com\/wp-content\/uploads\/2023\/06\/BOTON-CIRCUITO-2-2048x1533.png 2048w\" sizes=\"auto, (max-width: 768px) 100vw, 768px\" \/>\t\t\t\t\t\t\n\t\t\t\t\t<\/div>\n\t\t\t\t\t\t<\/a>\t\t\n<style>\n#image_101066086 {\n  width: 100%;\n}\n<\/style>\n\t<\/div>\n\t\n\t\t<\/div>\n\t\t\t\t\t<\/div>\n\n\t\n\n\t<div id=\"col-718915559\" class=\"col medium-3 small-12 large-3\"  >\n\t\t\t\t<div class=\"col-inner\"  >\n\t\t\t\n\t\t\t\n\t<div class=\"img has-hover x md-x lg-x y md-y lg-y\" id=\"image_1939343397\">\n\t\t<a class=\"\" href=\"https:\/\/kartinglanzarote.com\/es\/packs\" >\t\t\t\t\t\t<div class=\"img-inner dark\" >\n\t\t\t<img loading=\"lazy\" decoding=\"async\" width=\"768\" height=\"575\" src=\"https:\/\/kartinglanzarote.com\/wp-content\/uploads\/2023\/06\/BOTON-PACK-2-768x575.png\" class=\"attachment-medium_large size-medium_large\" alt=\"\" srcset=\"https:\/\/kartinglanzarote.com\/wp-content\/uploads\/2023\/06\/BOTON-PACK-2-768x575.png 768w, https:\/\/kartinglanzarote.com\/wp-content\/uploads\/2023\/06\/BOTON-PACK-2-300x225.png 300w, https:\/\/kartinglanzarote.com\/wp-content\/uploads\/2023\/06\/BOTON-PACK-2-1024x767.png 1024w, https:\/\/kartinglanzarote.com\/wp-content\/uploads\/2023\/06\/BOTON-PACK-2-1536x1150.png 1536w, https:\/\/kartinglanzarote.com\/wp-content\/uploads\/2023\/06\/BOTON-PACK-2-2048x1533.png 2048w\" sizes=\"auto, (max-width: 768px) 100vw, 768px\" \/>\t\t\t\t\t\t\n\t\t\t\t\t<\/div>\n\t\t\t\t\t\t<\/a>\t\t\n<style>\n#image_1939343397 {\n  width: 100%;\n}\n<\/style>\n\t<\/div>\n\t\n\t\t<\/div>\n\t\t\t\t\t<\/div>\n\n\t\n<\/div>\n\t\t<\/div>\n\n\t\t\n<style>\n#section_1972630004 {\n  padding-top: 50px;\n  padding-bottom: 50px;\n}\n@media (min-width:550px) {\n  #section_1972630004 {\n    padding-top: 110px;\n    padding-bottom: 110px;\n  }\n}\n<\/style>\n\t<\/section>\n\t\n\n\t<section class=\"section show-for-small\" id=\"section_1635079453\">\n\t\t<div class=\"section-bg fill\" >\n\t\t\t\t\t\t\t\t\t\n\t\t\t\n\n\t\t<\/div>\n\n\t\t\n\n\t\t<div class=\"section-content relative\">\n\t\t\t\n\t<div id=\"text-1328935215\" class=\"text show-for-small\">\n\t\t\n\n\t\t\t<!-- START barra REVOLUTION SLIDER 6.7.40 --><p class=\"rs-p-wp-fix\"><\/p>\n\t\t\t<rs-module-wrap id=\"rev_slider_10_3_wrapper\" data-source=\"gallery\" style=\"visibility:hidden;background:transparent;padding:0;margin:0px auto;margin-top:0;margin-bottom:0;\">\n\t\t\t\t<rs-module id=\"rev_slider_10_3\" style=\"\" data-version=\"6.7.40\">\n\t\t\t\t\t<rs-slides style=\"overflow: hidden; position: absolute;\">\n\t\t\t\t\t\t<rs-slide style=\"position: absolute;\" data-key=\"rs-23\" data-title=\"Slide\" data-anim=\"ms:10;\" data-in=\"o:1;\" data-out=\"a:false;\">\n\t\t\t\t\t\t\t<img decoding=\"async\" src=\"\/\/kartinglanzarote.com\/wp-content\/plugins\/revslider\/sr6\/assets\/assets\/dummy.png\" alt=\"\" title=\"LINE MOVIL 2\" width=\"1131\" height=\"47\" class=\"rev-slidebg tp-rs-img rs-lazyload\" data-lazyload=\"\/\/kartinglanzarote.com\/wp-content\/uploads\/2023\/06\/LINE-MOVIL-2.png\" data-parallax=\"off\" data-no-retina>\n<!---->\t\t\t\t\t<\/rs-slide>\n\t\t\t\t\t<\/rs-slides>\n\t\t\t\t<\/rs-module>\n\t\t\t\t<script>\n\t\t\t\t\tsetREVStartSize({c: 'rev_slider_10_3',rl:[1240,1024,778,480],el:[57,30,30,57],gw:[1905,1905,1905,780],gh:[57,57,57,57],type:'hero',justify:'',layout:'fullwidth',mh:\"0\"});if (window.RS_MODULES!==undefined && window.RS_MODULES.modules!==undefined && window.RS_MODULES.modules[\"revslider103\"]!==undefined) {window.RS_MODULES.modules[\"revslider103\"].once = false;window.revapi10_3 = undefined;if (window.RS_MODULES.checkMinimal!==undefined) window.RS_MODULES.checkMinimal()}\n\t\t\t\t<\/script>\n\t\t\t<\/rs-module-wrap>\n\t\t\t<!-- END REVOLUTION SLIDER -->\n\n\t\t\t<\/div>\n\t\n\t\t<\/div>\n\n\t\t\n<style>\n#section_1635079453 {\n  padding-top: 0px;\n  padding-bottom: 0px;\n}\n<\/style>\n\t<\/section>\n\t\n\t<div class=\"img has-hover hide-for-small x md-x lg-x y md-y lg-y\" id=\"image_478056130\">\n\t\t\t\t\t\t\t\t<div class=\"img-inner dark\" >\n\t\t\t<img loading=\"lazy\" decoding=\"async\" width=\"1284\" height=\"32\" src=\"https:\/\/kartinglanzarote.com\/wp-content\/uploads\/2023\/05\/WEB-LINE.jpg\" class=\"attachment-1536x1536 size-1536x1536\" alt=\"\" srcset=\"https:\/\/kartinglanzarote.com\/wp-content\/uploads\/2023\/05\/WEB-LINE.jpg 1284w, https:\/\/kartinglanzarote.com\/wp-content\/uploads\/2023\/05\/WEB-LINE-300x7.jpg 300w, https:\/\/kartinglanzarote.com\/wp-content\/uploads\/2023\/05\/WEB-LINE-1024x26.jpg 1024w, https:\/\/kartinglanzarote.com\/wp-content\/uploads\/2023\/05\/WEB-LINE-768x19.jpg 768w\" sizes=\"auto, (max-width: 1284px) 100vw, 1284px\" \/>\t\t\t\t\t\t\n\t\t\t\t\t<\/div>\n\t\t\t\t\t\t\t\t\n<style>\n#image_478056130 {\n  width: 100%;\n}\n<\/style>\n\t<\/div>\n\t\n\n  <div class=\"banner has-hover\" id=\"banner-137595419\">\n          <div class=\"banner-inner fill\">\n        <div class=\"banner-bg fill\" >\n            <img loading=\"lazy\" decoding=\"async\" width=\"2000\" height=\"1095\" src=\"https:\/\/kartinglanzarote.com\/wp-content\/uploads\/2023\/05\/WEB-blue.jpg\" class=\"bg attachment-2048x2048 size-2048x2048\" alt=\"\" \/>                                    \n                    <\/div>\n\t\t\n        <div class=\"banner-layers container\">\n            <div class=\"fill banner-link\"><\/div>            \n   <div id=\"text-box-1840553452\" class=\"text-box banner-layer x50 md-x50 lg-x50 y50 md-y50 lg-y50 res-text\">\n                                <div class=\"text-box-content text dark\">\n              \n              <div class=\"text-inner text-center\">\n                  \n\t<div class=\"img has-hover x md-x lg-x y md-y lg-y\" id=\"image_1334197642\">\n\t\t\t\t\t\t\t\t<div class=\"img-inner dark\" >\n\t\t\t<img loading=\"lazy\" decoding=\"async\" width=\"768\" height=\"199\" src=\"https:\/\/kartinglanzarote.com\/wp-content\/uploads\/2023\/06\/DONDE-ESTAMOS-768x199.png\" class=\"attachment-medium_large size-medium_large\" alt=\"\" srcset=\"https:\/\/kartinglanzarote.com\/wp-content\/uploads\/2023\/06\/DONDE-ESTAMOS-768x199.png 768w, https:\/\/kartinglanzarote.com\/wp-content\/uploads\/2023\/06\/DONDE-ESTAMOS-300x78.png 300w, https:\/\/kartinglanzarote.com\/wp-content\/uploads\/2023\/06\/DONDE-ESTAMOS-1024x265.png 1024w, https:\/\/kartinglanzarote.com\/wp-content\/uploads\/2023\/06\/DONDE-ESTAMOS.png 1082w\" sizes=\"auto, (max-width: 768px) 100vw, 768px\" \/>\t\t\t\t\t\t\n\t\t\t\t\t<\/div>\n\t\t\t\t\t\t\t\t\n<style>\n#image_1334197642 {\n  width: 100%;\n}\n<\/style>\n\t<\/div>\n\t\n\t<div id=\"gap-568122449\" class=\"gap-element clearfix\" style=\"display:block; height:auto;\">\n\t\t\n<style>\n#gap-568122449 {\n  padding-top: 15px;\n}\n<\/style>\n\t<\/div>\n\t\n\t<div class=\"img has-hover x md-x lg-x y md-y lg-y\" id=\"image_1763076981\">\n\t\t<a class=\"\" href=\"https:\/\/goo.gl\/maps\/BnD1RcFq8tRjHC4h9\" >\t\t\t\t\t\t<div class=\"img-inner dark\" >\n\t\t\t<img loading=\"lazy\" decoding=\"async\" width=\"256\" height=\"256\" src=\"https:\/\/kartinglanzarote.com\/wp-content\/uploads\/2023\/06\/google-1.png\" class=\"attachment-medium size-medium\" alt=\"\" srcset=\"https:\/\/kartinglanzarote.com\/wp-content\/uploads\/2023\/06\/google-1.png 256w, https:\/\/kartinglanzarote.com\/wp-content\/uploads\/2023\/06\/google-1-150x150.png 150w\" sizes=\"auto, (max-width: 256px) 100vw, 256px\" \/>\t\t\t\t\t\t\n\t\t\t\t\t<\/div>\n\t\t\t\t\t\t<\/a>\t\t\n<style>\n#image_1763076981 {\n  width: 20%;\n}\n@media (min-width:550px) {\n  #image_1763076981 {\n    width: 16%;\n  }\n}\n<\/style>\n\t<\/div>\n\t\n<p>Pincha en el icono para ver nuestra ubicaci\u00f3n.<\/p>\n              <\/div>\n           <\/div>\n                            \n<style>\n#text-box-1840553452 {\n  width: 90%;\n}\n#text-box-1840553452 .text-box-content {\n  font-size: 135%;\n}\n@media (min-width:550px) {\n  #text-box-1840553452 {\n    width: 46%;\n  }\n  #text-box-1840553452 .text-box-content {\n    font-size: 100%;\n  }\n}\n<\/style>\n    <\/div>\n \n        <\/div>\n      <\/div>\n\n            \n<style>\n#banner-137595419 {\n  padding-top: 350px;\n  background-color: #0049a0;\n}\n@media (min-width:550px) {\n  #banner-137595419 {\n    padding-top: 400px;\n  }\n}\n<\/style>\n  <\/div>\n\n\n","protected":false},"excerpt":{"rendered":"","protected":false},"author":1,"featured_media":0,"parent":0,"menu_order":0,"comment_status":"closed","ping_status":"closed","template":"page-blank.php","meta":{"footnotes":""},"class_list":["post-8","page","type-page","status-publish","hentry"],"yoast_head":"<!-- This site is optimized with the Yoast SEO plugin v27.3 - https:\/\/yoast.com\/product\/yoast-seo-wordpress\/ -->\n<title>Mejor circuito de Karting de Espa\u00f1a<\/title>\n<meta name=\"description\" content=\"\u00a1Desata la emoci\u00f3n de la velocidad en el mejor circuito de karting de Espa\u00f1a! Te esperan carreras inolvidables.\" \/>\n<meta name=\"robots\" content=\"index, follow, max-snippet:-1, max-image-preview:large, max-video-preview:-1\" \/>\n<link rel=\"canonical\" href=\"https:\/\/kartinglanzarote.com\/es\" \/>\n<meta property=\"og:locale\" content=\"es_ES\" \/>\n<meta property=\"og:type\" content=\"article\" \/>\n<meta property=\"og:title\" content=\"Mejor circuito de Karting de Espa\u00f1a\" \/>\n<meta property=\"og:description\" content=\"\u00a1Desata la emoci\u00f3n de la velocidad en el mejor circuito de karting de Espa\u00f1a! Te esperan carreras inolvidables.\" \/>\n<meta property=\"og:url\" content=\"https:\/\/kartinglanzarote.com\/es\" \/>\n<meta property=\"og:site_name\" content=\"Karting Lanzarote\" \/>\n<meta property=\"article:modified_time\" content=\"2023-07-31T14:02:01+00:00\" \/>\n<meta name=\"twitter:card\" content=\"summary_large_image\" \/>\n<meta name=\"twitter:label1\" content=\"Tiempo de lectura\" \/>\n\t<meta name=\"twitter:data1\" content=\"1 minuto\" \/>\n<script type=\"application\/ld+json\" class=\"yoast-schema-graph\">{\"@context\":\"https:\\\/\\\/schema.org\",\"@graph\":[{\"@type\":\"WebPage\",\"@id\":\"https:\\\/\\\/kartinglanzarote.com\\\/es\",\"url\":\"https:\\\/\\\/kartinglanzarote.com\\\/es\",\"name\":\"Mejor circuito de Karting de Espa\u00f1a\",\"isPartOf\":{\"@id\":\"https:\\\/\\\/kartinglanzarote.com\\\/es#website\"},\"datePublished\":\"2023-05-04T16:56:12+00:00\",\"dateModified\":\"2023-07-31T14:02:01+00:00\",\"description\":\"\u00a1Desata la emoci\u00f3n de la velocidad en el mejor circuito de karting de Espa\u00f1a! Te esperan carreras inolvidables.\",\"breadcrumb\":{\"@id\":\"https:\\\/\\\/kartinglanzarote.com\\\/es#breadcrumb\"},\"inLanguage\":\"es\",\"potentialAction\":[{\"@type\":\"ReadAction\",\"target\":[\"https:\\\/\\\/kartinglanzarote.com\\\/es\"]}]},{\"@type\":\"BreadcrumbList\",\"@id\":\"https:\\\/\\\/kartinglanzarote.com\\\/es#breadcrumb\",\"itemListElement\":[{\"@type\":\"ListItem\",\"position\":1,\"name\":\"Home\",\"item\":\"https:\\\/\\\/kartinglanzarote.com\\\/es\"},{\"@type\":\"ListItem\",\"position\":2,\"name\":\"Inicio\"}]},{\"@type\":\"WebSite\",\"@id\":\"https:\\\/\\\/kartinglanzarote.com\\\/es#website\",\"url\":\"https:\\\/\\\/kartinglanzarote.com\\\/es\",\"name\":\"Karting Lanzarote\",\"description\":\"\",\"publisher\":{\"@id\":\"https:\\\/\\\/kartinglanzarote.com\\\/es#organization\"},\"potentialAction\":[{\"@type\":\"SearchAction\",\"target\":{\"@type\":\"EntryPoint\",\"urlTemplate\":\"https:\\\/\\\/kartinglanzarote.com\\\/es?s={search_term_string}\"},\"query-input\":{\"@type\":\"PropertyValueSpecification\",\"valueRequired\":true,\"valueName\":\"search_term_string\"}}],\"inLanguage\":\"es\"},{\"@type\":\"Organization\",\"@id\":\"https:\\\/\\\/kartinglanzarote.com\\\/es#organization\",\"name\":\"Karting Lanzarote\",\"url\":\"https:\\\/\\\/kartinglanzarote.com\\\/es\",\"logo\":{\"@type\":\"ImageObject\",\"inLanguage\":\"es\",\"@id\":\"https:\\\/\\\/kartinglanzarote.com\\\/es#\\\/schema\\\/logo\\\/image\\\/\",\"url\":\"https:\\\/\\\/kartinglanzarote.com\\\/wp-content\\\/uploads\\\/2023\\\/07\\\/9012abf9-5b44-47f9-8865-29e2c5fcf5dd.jpg\",\"contentUrl\":\"https:\\\/\\\/kartinglanzarote.com\\\/wp-content\\\/uploads\\\/2023\\\/07\\\/9012abf9-5b44-47f9-8865-29e2c5fcf5dd.jpg\",\"width\":898,\"height\":505,\"caption\":\"Karting Lanzarote\"},\"image\":{\"@id\":\"https:\\\/\\\/kartinglanzarote.com\\\/es#\\\/schema\\\/logo\\\/image\\\/\"}}]}<\/script>\n<!-- \/ Yoast SEO plugin. -->","yoast_head_json":{"title":"Mejor circuito de Karting de Espa\u00f1a","description":"\u00a1Desata la emoci\u00f3n de la velocidad en el mejor circuito de karting de Espa\u00f1a! Te esperan carreras inolvidables.","robots":{"index":"index","follow":"follow","max-snippet":"max-snippet:-1","max-image-preview":"max-image-preview:large","max-video-preview":"max-video-preview:-1"},"canonical":"https:\/\/kartinglanzarote.com\/es","og_locale":"es_ES","og_type":"article","og_title":"Mejor circuito de Karting de Espa\u00f1a","og_description":"\u00a1Desata la emoci\u00f3n de la velocidad en el mejor circuito de karting de Espa\u00f1a! Te esperan carreras inolvidables.","og_url":"https:\/\/kartinglanzarote.com\/es","og_site_name":"Karting Lanzarote","article_modified_time":"2023-07-31T14:02:01+00:00","twitter_card":"summary_large_image","twitter_misc":{"Tiempo de lectura":"1 minuto"},"schema":{"@context":"https:\/\/schema.org","@graph":[{"@type":"WebPage","@id":"https:\/\/kartinglanzarote.com\/es","url":"https:\/\/kartinglanzarote.com\/es","name":"Mejor circuito de Karting de Espa\u00f1a","isPartOf":{"@id":"https:\/\/kartinglanzarote.com\/es#website"},"datePublished":"2023-05-04T16:56:12+00:00","dateModified":"2023-07-31T14:02:01+00:00","description":"\u00a1Desata la emoci\u00f3n de la velocidad en el mejor circuito de karting de Espa\u00f1a! Te esperan carreras inolvidables.","breadcrumb":{"@id":"https:\/\/kartinglanzarote.com\/es#breadcrumb"},"inLanguage":"es","potentialAction":[{"@type":"ReadAction","target":["https:\/\/kartinglanzarote.com\/es"]}]},{"@type":"BreadcrumbList","@id":"https:\/\/kartinglanzarote.com\/es#breadcrumb","itemListElement":[{"@type":"ListItem","position":1,"name":"Home","item":"https:\/\/kartinglanzarote.com\/es"},{"@type":"ListItem","position":2,"name":"Inicio"}]},{"@type":"WebSite","@id":"https:\/\/kartinglanzarote.com\/es#website","url":"https:\/\/kartinglanzarote.com\/es","name":"Karting Lanzarote","description":"","publisher":{"@id":"https:\/\/kartinglanzarote.com\/es#organization"},"potentialAction":[{"@type":"SearchAction","target":{"@type":"EntryPoint","urlTemplate":"https:\/\/kartinglanzarote.com\/es?s={search_term_string}"},"query-input":{"@type":"PropertyValueSpecification","valueRequired":true,"valueName":"search_term_string"}}],"inLanguage":"es"},{"@type":"Organization","@id":"https:\/\/kartinglanzarote.com\/es#organization","name":"Karting Lanzarote","url":"https:\/\/kartinglanzarote.com\/es","logo":{"@type":"ImageObject","inLanguage":"es","@id":"https:\/\/kartinglanzarote.com\/es#\/schema\/logo\/image\/","url":"https:\/\/kartinglanzarote.com\/wp-content\/uploads\/2023\/07\/9012abf9-5b44-47f9-8865-29e2c5fcf5dd.jpg","contentUrl":"https:\/\/kartinglanzarote.com\/wp-content\/uploads\/2023\/07\/9012abf9-5b44-47f9-8865-29e2c5fcf5dd.jpg","width":898,"height":505,"caption":"Karting Lanzarote"},"image":{"@id":"https:\/\/kartinglanzarote.com\/es#\/schema\/logo\/image\/"}}]}},"_links":{"self":[{"href":"https:\/\/kartinglanzarote.com\/es\/wp-json\/wp\/v2\/pages\/8","targetHints":{"allow":["GET"]}}],"collection":[{"href":"https:\/\/kartinglanzarote.com\/es\/wp-json\/wp\/v2\/pages"}],"about":[{"href":"https:\/\/kartinglanzarote.com\/es\/wp-json\/wp\/v2\/types\/page"}],"author":[{"embeddable":true,"href":"https:\/\/kartinglanzarote.com\/es\/wp-json\/wp\/v2\/users\/1"}],"replies":[{"embeddable":true,"href":"https:\/\/kartinglanzarote.com\/es\/wp-json\/wp\/v2\/comments?post=8"}],"version-history":[{"count":85,"href":"https:\/\/kartinglanzarote.com\/es\/wp-json\/wp\/v2\/pages\/8\/revisions"}],"predecessor-version":[{"id":870,"href":"https:\/\/kartinglanzarote.com\/es\/wp-json\/wp\/v2\/pages\/8\/revisions\/870"}],"wp:attachment":[{"href":"https:\/\/kartinglanzarote.com\/es\/wp-json\/wp\/v2\/media?parent=8"}],"curies":[{"name":"wp","href":"https:\/\/api.w.org\/{rel}","templated":true}]}}